{"id":664,"date":"2020-01-14T13:49:35","date_gmt":"2020-01-14T12:49:35","guid":{"rendered":"http:\/\/www.aaesor721.fr\/?page_id=664"},"modified":"2020-05-04T07:47:38","modified_gmt":"2020-05-04T05:47:38","slug":"sommaire-mille-pattes-n-22-decembre-2013","status":"publish","type":"page","link":"http:\/\/www.aaesor721.fr\/index.php\/sommaire-mille-pattes-n-22-decembre-2013\/","title":{"rendered":"Sommaire Mille Pattes n\u00b0 22 \/ D\u00e9cembre 2013"},"content":{"rendered":"<p style=\"text-align: left;\"><a href=\"http:\/\/www.aaesor721.fr\/wp-content\/uploads\/2020\/02\/Le-mot-du-Pr\u00e9sident_mp22.pdf\" target=\"_blank\" rel=\"noopener noreferrer\"><span style=\" font-size: 10pt; font-family: arial, helvetica, sans-serif; color: #000000;\">Le mot du Pr\u00e9sident<\/span><\/a><\/p>\n<p style=\"text-align: left;\"><span style=\"font-size: 10pt; font-family: arial, helvetica, sans-serif; color: #000000;\">Compte-rendu de l&rsquo;assembl\u00e9e g\u00e9n\u00e9rale<\/span><\/p>\n<p style=\"text-align: left;\"><span style=\"font-size: 10pt; font-family: arial, helvetica, sans-serif; color: #000000;\">La visite des dames<\/span><\/p>\n<p style=\"text-align: left;\"><span style=\"font-size: 10pt; font-family: arial, helvetica, sans-serif; color: #000000;\"><strong>ACTIVIT\u00c9S DE L&rsquo;ASSOCIATION:<\/strong><\/span><\/p>\n<p style=\"text-align: left;\"><span style=\"font-size: 10pt; font-family: arial, helvetica, sans-serif; color: #000000;\">06\/01\/2013 La flamme sous l&rsquo;Arc de triomphe a 90 ans<\/span><\/p>\n<p style=\"text-align: left;\"><a href=\"http:\/\/www.aaesor721.fr\/wp-content\/uploads\/2020\/05\/participation_carrefour_air-min.pdf\" target=\"_blank\" rel=\"noopener noreferrer\"><span style=\"background-color: yellow;font-size: 10pt; font-family: arial, helvetica, sans-serif; color: #000000;\">30\/03\/2013 Participation AAESOR au Carrefour de l&rsquo;air<\/span><\/a><\/p>\n<p style=\"text-align: left;\"><span style=\"font-size: 10pt; font-family: arial, helvetica, sans-serif; color: #000000;\">12\/04\/2013 Visite de J.Y. Le Drian \u00e0 la BA 702<\/span><\/p>\n<p style=\"text-align: left;\"><span style=\"font-size: 10pt; font-family: arial, helvetica, sans-serif; color: #000000;\">26\/04\/2013 Une premi\u00e8re pour l&rsquo;\u00eele de R\u00e9 et la BA 721<\/span><\/p>\n<p style=\"text-align: left;\"><span style=\"font-size: 10pt; font-family: arial, helvetica, sans-serif; color: #000000;\">03\/06\/2013 Inauguration au Mus\u00e9e de l&rsquo;air<\/span><\/p>\n<p style=\"text-align: left;\"><span style=\"font-size: 10pt; font-family: arial, helvetica, sans-serif; color: #000000;\">04\/06\/2013 C\u00e9r\u00e9monie \u00e0 l&rsquo;\u00c9l\u00e9ment Air Rattach\u00e9 de Taverny<\/span><\/p>\n<p style=\"text-align: left;\"><span style=\"font-size: 10pt; font-family: arial, helvetica, sans-serif; color: #000000;\">20\/06\/2013 Les 50000 heures de vol des AWACS<\/span><\/p>\n<p style=\"text-align: left;\"><span style=\"font-size: 10pt; font-family: arial, helvetica, sans-serif; color: #000000;\">27\/06\/2013 Bapt\u00eame de promotion BA 721<\/span><\/p>\n<p style=\"text-align: left;\"><span style=\"font-size: 10pt; font-family: arial, helvetica, sans-serif; color: #000000;\">Billet pour le blog du CEMAA concernant l&rsquo;identit\u00e9 de l&rsquo;aviateur<\/span><\/p>\n<p style=\"text-align: left;\"><span style=\"font-size: 10pt; font-family: arial, helvetica, sans-serif; color: #000000;\">07\/06\/2013 Ravivage de la flamme sous l&rsquo;Arc de Triomphe<\/span><\/p>\n<p style=\"text-align: left;\"><span style=\"font-size: 10pt; font-family: arial, helvetica, sans-serif; color: #000000;\">25\/07\/2013 Remise des prix aux \u00e9l\u00e8ves techniciens de Saintes<\/span><\/p>\n<p style=\"text-align: left;\"><span style=\"font-size: 10pt; font-family: arial, helvetica, sans-serif; color: #000000;\"><strong>NOS R\u00c9GIONS<\/strong><\/span><\/p>\n<p style=\"text-align: left;\"><span style=\"font-size: 10pt; font-family: arial, helvetica, sans-serif; color: #000000;\">R\u00e9gion Centre<\/span><\/p>\n<p style=\"text-align: left;\"><a href=\"http:\/\/www.aaesor721.fr\/wp-content\/uploads\/2020\/05\/journ\u00e9e_base_chateaudun-min.pdf\" target=\"_blank\" rel=\"noopener noreferrer\"><span style=\"background-color: yellow;font-size: 10pt; font-family: arial, helvetica, sans-serif; color: #000000;\">&#8211; 01\/06\/2013 Journ\u00e9e base \u00e0 Ch\u00e2teaudun<\/span><\/a><\/p>\n<p style=\"text-align: left;\"><span style=\"font-size: 10pt; font-family: arial, helvetica, sans-serif; color: #000000;\">R\u00e9gion Haute Normandie<\/span><\/p>\n<p style=\"text-align: left;\"><span style=\"font-size: 10pt; font-family: arial, helvetica, sans-serif; color: #000000;\">&#8211; 10\/04\/2013 Haute Normandie: d\u00e9c\u00e8s d&rsquo;un adh\u00e9rent<\/span><\/p>\n<p style=\"text-align: left;\"><span style=\"font-size: 10pt; font-family: arial, helvetica, sans-serif; color: #000000;\">R\u00e9gion Rh\u00f4ne Alpes<\/span><\/p>\n<p style=\"text-align: left;\"><span style=\"font-size: 10pt; font-family: arial, helvetica, sans-serif; color: #000000;\">&#8211; 22\/05\/2013 C\u00e9r\u00e9monie \u00e0 la st\u00e8le de Pelussin<\/span><\/p>\n<p style=\"text-align: left;\"><span style=\"font-size: 10pt; font-family: arial, helvetica, sans-serif; color: #000000;\"><strong>R\u00c9CITS ET SOUVENIRS<\/strong><\/span><\/p>\n<p style=\"text-align: left;\"><a href=\"http:\/\/www.aaesor721.fr\/wp-content\/uploads\/2020\/02\/D\u00e9part-pour-lIndochine.pdf\" target=\"_blank\" rel=\"noopener noreferrer\"><span style=\" font-size: 10pt; font-family: arial, helvetica, sans-serif; color: #000000;\">D\u00e9part pour l&rsquo;Indochine<\/span><\/a><\/p>\n<p style=\"text-align: left;\"><span style=\"font-size: 10pt; font-family: arial, helvetica, sans-serif; color: #000000;\">Du Noratlas au Transall &#8211; chapitre 3<\/span><\/p>\n<p style=\"text-align: left;\"><span style=\"font-size: 10pt; font-family: arial, helvetica, sans-serif; color: #000000;\"><strong>DIVERS<\/strong><\/span><\/p>\n<p style=\"text-align: left;\"><span style=\"font-size: 10pt; font-family: arial, helvetica, sans-serif; color: #000000;\">N\u00e9crologie<\/span><\/p>\n<p style=\"text-align: left;\"><span style=\"font-size: 10pt; font-family: arial, helvetica, sans-serif; color: #000000;\">Nouveaux adh\u00e9rents<\/span><\/p>\n<p style=\"text-align: left;\"><span style=\"font-size: 10pt; font-family: arial, helvetica, sans-serif; color: #000000;\">Avis de recherche<\/span><\/p>\n<p style=\"text-align: left;\"><span style=\"font-size: 10pt; font-family: arial, helvetica, sans-serif; color: #000000;\">La boutique<\/span><\/p>\n<p style=\"text-align: left;\"><span style=\"font-size: 10pt; font-family: arial, helvetica, sans-serif; color: #000000;\">La cotisation 2014<\/span><\/p>\n<p style=\"text-align: left;\"><span style=\"font-size: 10pt; font-family: arial, helvetica, sans-serif; color: #000000;\">Recherchons des b\u00e9n\u00e9voles<\/span><\/p>\n<p style=\"text-align: left;\"><span style=\"font-size: 10pt; font-family: arial, helvetica, sans-serif; color: #000000;\">Un livre: base \u00e9cole de Rochefort, 80 ans de formation a\u00e9ronautique<\/span><\/p>\n","protected":false},"excerpt":{"rendered":"<p>Le mot du Pr\u00e9sident Compte-rendu de l&rsquo;assembl\u00e9e g\u00e9n\u00e9rale La visite des dames ACTIVIT\u00c9S DE L&rsquo;ASSOCIATION: 06\/01\/2013 La flamme sous l&rsquo;Arc de triomphe a 90 ans 30\/03\/2013 Participation AAESOR au Carrefour de l&rsquo;air 12\/04\/2013 Visite de J.Y. Le Drian \u00e0 la BA 702 26\/04\/2013 Une premi\u00e8re pour l&rsquo;\u00eele de R\u00e9 et la BA 721 03\/06\/2013 Inauguration [&hellip;]<\/p>\n","protected":false},"author":4,"featured_media":0,"parent":0,"menu_order":0,"comment_status":"closed","ping_status":"closed","template":"","meta":[],"_links":{"self":[{"href":"http:\/\/www.aaesor721.fr\/index.php\/wp-json\/wp\/v2\/pages\/664"}],"collection":[{"href":"http:\/\/www.aaesor721.fr\/index.php\/wp-json\/wp\/v2\/pages"}],"about":[{"href":"http:\/\/www.aaesor721.fr\/index.php\/wp-json\/wp\/v2\/types\/page"}],"author":[{"embeddable":true,"href":"http:\/\/www.aaesor721.fr\/index.php\/wp-json\/wp\/v2\/users\/4"}],"replies":[{"embeddable":true,"href":"http:\/\/www.aaesor721.fr\/index.php\/wp-json\/wp\/v2\/comments?post=664"}],"version-history":[{"count":6,"href":"http:\/\/www.aaesor721.fr\/index.php\/wp-json\/wp\/v2\/pages\/664\/revisions"}],"predecessor-version":[{"id":1188,"href":"http:\/\/www.aaesor721.fr\/index.php\/wp-json\/wp\/v2\/pages\/664\/revisions\/1188"}],"wp:attachment":[{"href":"http:\/\/www.aaesor721.fr\/index.php\/wp-json\/wp\/v2\/media?parent=664"}],"curies":[{"name":"wp","href":"https:\/\/api.w.org\/{rel}","templated":true}]}}