{"id":646,"date":"2020-01-14T13:41:58","date_gmt":"2020-01-14T12:41:58","guid":{"rendered":"http:\/\/www.aaesor721.fr\/?page_id=646"},"modified":"2020-04-28T09:19:23","modified_gmt":"2020-04-28T07:19:23","slug":"sommaire-mille-pattes-n13-novembre-2008","status":"publish","type":"page","link":"http:\/\/www.aaesor721.fr\/index.php\/sommaire-mille-pattes-n13-novembre-2008\/","title":{"rendered":"Sommaire Mille Pattes n\u00b013 \/ Novembre 2008"},"content":{"rendered":"<p style=\"text-align: left;\"><span style=\"font-size: 10pt; font-family: arial, helvetica, sans-serif; color: #000000;\">Le mot du Pr\u00e9sident<\/span><\/p>\n<p style=\"text-align: left;\"><span style=\"font-size: 10pt; font-family: arial, helvetica, sans-serif; color: #000000;\">Compte-rendu de l&rsquo;Assembl\u00e9e G\u00e9n\u00e9rale 2008<\/span><\/p>\n<p style=\"text-align: left;\"><span style=\"font-size: 10pt; font-family: arial, helvetica, sans-serif; color: #000000;\">R\u00e9sultat financier de l&rsquo;ann\u00e9e 2007<\/span><\/p>\n<p style=\"text-align: left;\"><a href=\"http:\/\/www.aaesor721.fr\/wp-content\/uploads\/2020\/02\/Du-Noratlas-au-Transall-1.pdf\" target=\"_blank\" rel=\"noopener noreferrer\"><span style=\" font-size: 10pt; font-family: arial, helvetica, sans-serif; color: #000000;\">Du Noratlas au Transall (suite)<\/span><\/a><\/p>\n<p style=\"text-align: left;\"><a href=\"http:\/\/www.aaesor721.fr\/wp-content\/uploads\/2020\/04\/mirage3_corne_africaine-min.pdf\" target=\"_blank\" rel=\"noopener noreferrer\"><span style=\"background-color: yellow;font-size: 10pt; font-family: arial, helvetica, sans-serif; color: #000000;\">Les Mirage IIIC dans la Corne Africaine<\/span><\/a><\/p>\n<p style=\"text-align: left;\"><a href=\"http:\/\/www.aaesor721.fr\/wp-content\/uploads\/2020\/02\/Centenaire-du-1er-h\u00e9licopt\u00e8re-habit\u00e9-et-pilot\u00e9.pdf\" target=\"_blank\" rel=\"noopener noreferrer\"><span style=\" font-size: 10pt; font-family: arial, helvetica, sans-serif; color: #000000;\">Centenaire du premier h\u00e9licopt\u00e8re habit\u00e9 et pilot\u00e9<\/span><\/a><\/p>\n<p style=\"text-align: left;\"><span style=\"font-size: 10pt; font-family: arial, helvetica, sans-serif; color: #000000;\">Nos r\u00e9gions:<\/span><\/p>\n<p style=\"text-align: left;\"><span style=\"font-size: 10pt; font-family: arial, helvetica, sans-serif; color: #000000;\">Centre Val de Loire:<\/span><\/p>\n<p style=\"text-align: left;\"><span style=\"font-size: 10pt; font-family: arial, helvetica, sans-serif; color: #000000;\">&#8211; d\u00e9c\u00e8s de Max Jacquemin<\/span><\/p>\n<p style=\"text-align: left;\"><a href=\"http:\/\/www.aaesor721.fr\/wp-content\/uploads\/2020\/04\/meeting_avord_2008.pdf\" target=\"_blank\" rel=\"noopener noreferrer\"><span style=\"background-color: yellow;font-size: 10pt; font-family: arial, helvetica, sans-serif; color: #000000;\">&#8211; meeting \u00e0 Avord le 13.07.2008<\/span><\/a><\/p>\n<p style=\"text-align: left;\"><span style=\"font-size: 10pt; font-family: arial, helvetica, sans-serif; color: #000000;\">Association:<\/span><\/p>\n<p style=\"text-align: left;\"><span style=\"font-size: 10pt; font-family: arial, helvetica, sans-serif; color: #000000;\">&#8211; l&rsquo;UNSOR<\/span><\/p>\n<p style=\"text-align: left;\"><span style=\"font-size: 10pt; font-family: arial, helvetica, sans-serif; color: #000000;\">Divers:<\/span><\/p>\n<p style=\"text-align: left;\"><span style=\"font-size: 10pt; font-family: arial, helvetica, sans-serif; color: #000000;\">&#8211; la boutique<\/span><\/p>\n<p style=\"text-align: left;\"><span style=\"font-size: 10pt; font-family: arial, helvetica, sans-serif; color: #000000;\">&#8211; nos nouveaux adh\u00e9rents<\/span><\/p>\n","protected":false},"excerpt":{"rendered":"<p>Le mot du Pr\u00e9sident Compte-rendu de l&rsquo;Assembl\u00e9e G\u00e9n\u00e9rale 2008 R\u00e9sultat financier de l&rsquo;ann\u00e9e 2007 Du Noratlas au Transall (suite) Les Mirage IIIC dans la Corne Africaine Centenaire du premier h\u00e9licopt\u00e8re habit\u00e9 et pilot\u00e9 Nos r\u00e9gions: Centre Val de Loire: &#8211; d\u00e9c\u00e8s de Max Jacquemin &#8211; meeting \u00e0 Avord le 13.07.2008 Association: &#8211; l&rsquo;UNSOR Divers: &#8211; [&hellip;]<\/p>\n","protected":false},"author":4,"featured_media":0,"parent":0,"menu_order":0,"comment_status":"closed","ping_status":"closed","template":"","meta":[],"_links":{"self":[{"href":"http:\/\/www.aaesor721.fr\/index.php\/wp-json\/wp\/v2\/pages\/646"}],"collection":[{"href":"http:\/\/www.aaesor721.fr\/index.php\/wp-json\/wp\/v2\/pages"}],"about":[{"href":"http:\/\/www.aaesor721.fr\/index.php\/wp-json\/wp\/v2\/types\/page"}],"author":[{"embeddable":true,"href":"http:\/\/www.aaesor721.fr\/index.php\/wp-json\/wp\/v2\/users\/4"}],"replies":[{"embeddable":true,"href":"http:\/\/www.aaesor721.fr\/index.php\/wp-json\/wp\/v2\/comments?post=646"}],"version-history":[{"count":6,"href":"http:\/\/www.aaesor721.fr\/index.php\/wp-json\/wp\/v2\/pages\/646\/revisions"}],"predecessor-version":[{"id":1159,"href":"http:\/\/www.aaesor721.fr\/index.php\/wp-json\/wp\/v2\/pages\/646\/revisions\/1159"}],"wp:attachment":[{"href":"http:\/\/www.aaesor721.fr\/index.php\/wp-json\/wp\/v2\/media?parent=646"}],"curies":[{"name":"wp","href":"https:\/\/api.w.org\/{rel}","templated":true}]}}