{"id":626,"date":"2020-01-14T13:31:13","date_gmt":"2020-01-14T12:31:13","guid":{"rendered":"http:\/\/www.aaesor721.fr\/?page_id=626"},"modified":"2020-10-20T15:13:02","modified_gmt":"2020-10-20T13:13:02","slug":"sommaire-mille-pattes-n-3-juillet-2002","status":"publish","type":"page","link":"http:\/\/www.aaesor721.fr\/index.php\/sommaire-mille-pattes-n-3-juillet-2002\/","title":{"rendered":"Sommaire Mille Pattes n\u00b0 3 \/ Juillet 2002"},"content":{"rendered":"<p style=\"text-align: left;\"><span style=\"font-size: 10pt; font-family: arial, helvetica, sans-serif; color: #000000;\">Le mot du Pr\u00e9sident<\/span><\/p>\n<p style=\"text-align: left;\"><a href=\"http:\/\/www.aaesor721.fr\/wp-content\/uploads\/2020\/10\/Le-mot-du-G\u00e9n\u00e9ral.pdf\" target=\"_blank\" rel=\"noopener noreferrer\"><span style=\"background-color: yellow; font-size: 10pt; font-family: arial, helvetica, sans-serif; color: #000000;\">Le mot du G\u00e9n\u00e9ral<\/span><\/a><\/p>\n<p style=\"text-align: left;\"><span style=\"font-size: 10pt; font-family: arial, helvetica, sans-serif; color: #000000;\">Compte rendu Assembl\u00e9e G\u00e9n\u00e9rale<\/span><\/p>\n<p style=\"text-align: left;\"><span style=\"font-size: 10pt; font-family: arial, helvetica, sans-serif; color: #000000;\">Bilan financier<\/span><\/p>\n<p style=\"text-align: left;\"><span style=\"font-size: 10pt; font-family: arial, helvetica, sans-serif; color: #000000;\">Communication &#8211; Reconversion<\/span><\/p>\n<p style=\"text-align: left;\"><a href=\"http:\/\/www.aaesor721.fr\/wp-content\/uploads\/2020\/02\/Histoire-Traditions-Nostalgie.pdf\" target=\"_blank\" rel=\"noopener noreferrer\"><span style=\"font-size: 10pt; font-family: arial, helvetica, sans-serif; color: #000000;\">Histoire &#8211; Tradition &#8211; Nostalgie<\/span><\/a><\/p>\n<p style=\"text-align: left;\"><a href=\"http:\/\/www.aaesor721.fr\/wp-content\/uploads\/2020\/04\/souvenirs.pdf\" target=\"_blank\" rel=\"noopener noreferrer\"><span style=\"font-size: 10pt; font-family: arial, helvetica, sans-serif; color: #000000;\">Souvenirs<\/span><\/a><\/p>\n<p style=\"text-align: left;\"><a href=\"http:\/\/www.aaesor721.fr\/wp-content\/uploads\/2020\/10\/Un-boulevard-\u00e0-Mille-Pattes-min.pdf\" target=\"_blank\" rel=\"noopener noreferrer\"><span style=\"background-color: yellow; font-size: 10pt; font-family: arial, helvetica, sans-serif; color: #000000;\">Un boulevard \u00e0 Mille-Pattes<\/span><\/a><\/p>\n<p style=\"text-align: left;\"><a href=\"http:\/\/www.aaesor721.fr\/wp-content\/uploads\/2020\/04\/un_mecanicien_raconte_sa_passion.pdf\" target=\"_blank\" rel=\"noopener noreferrer\"><span style=\"font-size: 10pt; font-family: arial, helvetica, sans-serif; color: #000000;\">Un m\u00e9canicien raconte sa passion<\/span><\/a><\/p>\n<p style=\"text-align: left;\"><span style=\"font-size: 10pt; font-family: arial, helvetica, sans-serif; color: #000000;\">La vie des R\u00e9gions<\/span><\/p>\n<p style=\"text-align: left;\"><a href=\"http:\/\/www.aaesor721.fr\/wp-content\/uploads\/2020\/02\/1\u00e8re-r\u00e9union-en-Lorraine-de-lAAESOR.pdf\" target=\"_blank\" rel=\"noopener noreferrer\"><span style=\"font-size: 10pt; font-family: arial, helvetica, sans-serif; color: #000000;\">1\u00e8re r\u00e9union en Lorraine de l&rsquo;AAESOR<\/span><\/a><\/p>\n<p style=\"text-align: left;\"><span style=\"font-size: 10pt; font-family: arial, helvetica, sans-serif; color: #000000;\">Une journ\u00e9e en \u00ab\u00a0Sauternais\u00a0\u00bb<\/span><\/p>\n<p style=\"text-align: left;\"><span style=\"font-size: 10pt; font-family: arial, helvetica, sans-serif; color: #000000;\">Annuaire (suite)<\/span><\/p>\n<p style=\"text-align: left;\"><span style=\"font-size: 10pt; font-family: arial, helvetica, sans-serif; color: #000000;\">Avis de recherche &#8211; Boutique<\/span><\/p>\n","protected":false},"excerpt":{"rendered":"<p>Le mot du Pr\u00e9sident Le mot du G\u00e9n\u00e9ral Compte rendu Assembl\u00e9e G\u00e9n\u00e9rale Bilan financier Communication &#8211; Reconversion Histoire &#8211; Tradition &#8211; Nostalgie Souvenirs Un boulevard \u00e0 Mille-Pattes Un m\u00e9canicien raconte sa passion La vie des R\u00e9gions 1\u00e8re r\u00e9union en Lorraine de l&rsquo;AAESOR Une journ\u00e9e en \u00ab\u00a0Sauternais\u00a0\u00bb Annuaire (suite) Avis de recherche &#8211; Boutique<\/p>\n","protected":false},"author":4,"featured_media":0,"parent":0,"menu_order":0,"comment_status":"closed","ping_status":"closed","template":"","meta":[],"_links":{"self":[{"href":"http:\/\/www.aaesor721.fr\/index.php\/wp-json\/wp\/v2\/pages\/626"}],"collection":[{"href":"http:\/\/www.aaesor721.fr\/index.php\/wp-json\/wp\/v2\/pages"}],"about":[{"href":"http:\/\/www.aaesor721.fr\/index.php\/wp-json\/wp\/v2\/types\/page"}],"author":[{"embeddable":true,"href":"http:\/\/www.aaesor721.fr\/index.php\/wp-json\/wp\/v2\/users\/4"}],"replies":[{"embeddable":true,"href":"http:\/\/www.aaesor721.fr\/index.php\/wp-json\/wp\/v2\/comments?post=626"}],"version-history":[{"count":6,"href":"http:\/\/www.aaesor721.fr\/index.php\/wp-json\/wp\/v2\/pages\/626\/revisions"}],"predecessor-version":[{"id":1359,"href":"http:\/\/www.aaesor721.fr\/index.php\/wp-json\/wp\/v2\/pages\/626\/revisions\/1359"}],"wp:attachment":[{"href":"http:\/\/www.aaesor721.fr\/index.php\/wp-json\/wp\/v2\/media?parent=626"}],"curies":[{"name":"wp","href":"https:\/\/api.w.org\/{rel}","templated":true}]}}