{"id":614,"date":"2020-01-14T13:01:25","date_gmt":"2020-01-14T12:01:25","guid":{"rendered":"http:\/\/www.aaesor721.fr\/?page_id=614"},"modified":"2023-05-25T08:53:23","modified_gmt":"2023-05-25T06:53:23","slug":"le-mille-pattes-suite","status":"publish","type":"page","link":"http:\/\/www.aaesor721.fr\/index.php\/le-mille-pattes-suite\/","title":{"rendered":"Le Mille-Pattes &#8211; suite"},"content":{"rendered":"<p style=\"text-align: center;\">\n<p><img decoding=\"async\" loading=\"lazy\" class=\"size-medium wp-image-1114 aligncenter\" src=\"http:\/\/www.aaesor721.fr\/wp-content\/uploads\/2020\/04\/MP_n_1_90-213x300.jpg\" alt=\"\" width=\"213\" height=\"300\" srcset=\"http:\/\/www.aaesor721.fr\/wp-content\/uploads\/2020\/04\/MP_n_1_90-213x300.jpg 213w, http:\/\/www.aaesor721.fr\/wp-content\/uploads\/2020\/04\/MP_n_1_90-727x1024.jpg 727w, http:\/\/www.aaesor721.fr\/wp-content\/uploads\/2020\/04\/MP_n_1_90.jpg 736w\" sizes=\"(max-width: 213px) 100vw, 213px\" \/><\/p>\n<p style=\"text-align: left;\">Voici la couverture du Mille-Pattes num\u00e9ro 1 de l&rsquo;association qui n&rsquo;\u00e9tait pas encore l&rsquo;AAESOR mais l&rsquo;AAEMR, Association des Anciens \u00c9l\u00e8ves M\u00e9caniciens de Rochefort n\u00e9e le 10 juillet 2000. A droite de la page d&rsquo;accueil du site, la couverture montr\u00e9e est celle du dernier num\u00e9ro paru.<\/p>\n<p style=\"text-align: left;\">Dans la page d&rsquo;accueil, <strong>cliquer sur l&rsquo;onglet Mille-Pattes<\/strong> vous permet d&rsquo;acc\u00e9der, en cliquant sur la ligne \u00ab\u00a0Le Mille-Pattes (bulletins)\u00a0\u00bb du cartouche de droite, d&rsquo;acc\u00e9der \u00e0 la totalit\u00e9 des bulletins parus via la photo de leur couverture. Cliquer sur cette photo fait appara\u00eetre le sommaire de ce num\u00e9ro c&rsquo;est-\u00e0-dire la liste des articles qu&rsquo;il contient. Dans cette liste, deux articles (surlign\u00e9s de jaune) ou trois articles (\u00e9crits en rouge) sont offerts \u00e0 la lecture en cliquant dessus.<\/p>\n<p style=\"text-align: left;\">\u00c0 ce jour (avril 2023) les pages suivantes montrent les 38 Mille-Pattes parus. Tous les Mille-Pattes parus sont int\u00e9gr\u00e9s dans l&rsquo;onglet et donc, cliquer sur une couverture fait d\u00e9sormais appara\u00eetre le sommaire du num\u00e9ro choisi et les deux ou trois articles propos\u00e9s \u00e0 la lecture et disponibles par un simple clic.<\/p>\n<p style=\"text-align: left;\">Les Mille-Pattes sont suppos\u00e9s paraitre au rythme de deux par an, ce que n&rsquo;a pas permis la situation sanitaire li\u00e9e \u00e0 la COVID en 2020, 2021 et 2022. La fin de cette crise est en vue et permet d&rsquo;esp\u00e9rer la parution du num\u00e9ro 39 vers novembre 2023. Au fait, adh\u00e9rez \u00e0 l&rsquo;AAESOR: pour les 27 euros de la cotisation vous recevrez 2 Mille-Pattes par an. !<\/p>\n<p style=\"text-align: left;\">Pour lire un article non surlign\u00e9 d&rsquo;un sommaire, entrez en contact avec l&rsquo;association \u00e0 l&rsquo;aide de l&rsquo;onglet \u00ab\u00a0Contact\u00a0\u00bb sur la page d&rsquo;accueil et adressez votre demande. Cet article vous sera autant que possible envoy\u00e9 \u00e0 votre adresse mail.<\/p>\n","protected":false},"excerpt":{"rendered":"<p>Voici la couverture du Mille-Pattes num\u00e9ro 1 de l&rsquo;association qui n&rsquo;\u00e9tait pas encore l&rsquo;AAESOR mais l&rsquo;AAEMR, Association des Anciens \u00c9l\u00e8ves M\u00e9caniciens de Rochefort n\u00e9e le 10 juillet 2000. A droite de la page d&rsquo;accueil du site, la couverture montr\u00e9e est celle du dernier num\u00e9ro paru. Dans la page d&rsquo;accueil, cliquer sur l&rsquo;onglet Mille-Pattes vous permet [&hellip;]<\/p>\n","protected":false},"author":4,"featured_media":0,"parent":0,"menu_order":0,"comment_status":"closed","ping_status":"closed","template":"","meta":[],"_links":{"self":[{"href":"http:\/\/www.aaesor721.fr\/index.php\/wp-json\/wp\/v2\/pages\/614"}],"collection":[{"href":"http:\/\/www.aaesor721.fr\/index.php\/wp-json\/wp\/v2\/pages"}],"about":[{"href":"http:\/\/www.aaesor721.fr\/index.php\/wp-json\/wp\/v2\/types\/page"}],"author":[{"embeddable":true,"href":"http:\/\/www.aaesor721.fr\/index.php\/wp-json\/wp\/v2\/users\/4"}],"replies":[{"embeddable":true,"href":"http:\/\/www.aaesor721.fr\/index.php\/wp-json\/wp\/v2\/comments?post=614"}],"version-history":[{"count":17,"href":"http:\/\/www.aaesor721.fr\/index.php\/wp-json\/wp\/v2\/pages\/614\/revisions"}],"predecessor-version":[{"id":1961,"href":"http:\/\/www.aaesor721.fr\/index.php\/wp-json\/wp\/v2\/pages\/614\/revisions\/1961"}],"wp:attachment":[{"href":"http:\/\/www.aaesor721.fr\/index.php\/wp-json\/wp\/v2\/media?parent=614"}],"curies":[{"name":"wp","href":"https:\/\/api.w.org\/{rel}","templated":true}]}}