{"id":554,"date":"2019-12-14T22:31:31","date_gmt":"2019-12-14T21:31:31","guid":{"rendered":"http:\/\/www.aaesor721.fr\/?page_id=554"},"modified":"2023-05-25T08:48:15","modified_gmt":"2023-05-25T06:48:15","slug":"le-mille-pattes-new","status":"publish","type":"page","link":"http:\/\/www.aaesor721.fr\/index.php\/le-mille-pattes-new\/","title":{"rendered":"Le Mille-Pattes"},"content":{"rendered":"<p>&nbsp;<\/p>\n<p style=\"text-align: left;\">Le Mille Pattes est le titre du bulletin semestriel de l&rsquo;AAESOR. Pourquoi ce dr\u00f4le de nom pour une publication? L&rsquo;\u00c9cole des sous-officiers m\u00e9caniciens de l&rsquo;arm\u00e9e de l&rsquo;air est implant\u00e9e sur le site de Saint Aignant depuis 1978. Mais lors de sa cr\u00e9ation elle occupait un autre site sur la commune de Rochefort.<\/p>\n<p style=\"text-align: left;\">En 1916, pendant la premi\u00e8re guerre mondiale, la Marine installe \u00e0 Rochefort une base a\u00e9ronavale \u00e9quip\u00e9e de dirigeables. Ils ont pour mission de contrer la menace que font\u00a0 courir les sous-marins allemands au trafic maritime alli\u00e9 dans le Golfe de Gascogne. Ces dirigeables sont volumineux et mis \u00e0 l&rsquo;abri dans de vastes hangars.<\/p>\n<p style=\"text-align: left;\">\u00c0 chaque d\u00e9part o\u00f9 retour de mission ils doivent en \u00eatre extraits o\u00f9 r\u00e9ins\u00e9r\u00e9s par une imposante\u00a0 \u00e9quipe d&rsquo;hommes (les arrimeurs) accroch\u00e9s \u00e0 des filins. L&rsquo;impression donn\u00e9e est celle d&rsquo;un mille-pattes. C&rsquo;est le mille-pattes des marins.<\/p>\n<p>&nbsp;<\/p>\n<p><img decoding=\"async\" loading=\"lazy\" class=\"alignnone wp-image-610\" src=\"http:\/\/www.aaesor721.fr\/wp-content\/uploads\/2020\/01\/manoeuvre1-300x192.jpg\" alt=\"\" width=\"261\" height=\"167\" srcset=\"http:\/\/www.aaesor721.fr\/wp-content\/uploads\/2020\/01\/manoeuvre1-300x192.jpg 300w, http:\/\/www.aaesor721.fr\/wp-content\/uploads\/2020\/01\/manoeuvre1-768x492.jpg 768w, http:\/\/www.aaesor721.fr\/wp-content\/uploads\/2020\/01\/manoeuvre1.jpg 800w\" sizes=\"(max-width: 261px) 100vw, 261px\" \/>\u00a0 \u00a0 \u00a0 \u00a0 \u00a0 \u00a0 \u00a0 \u00a0 \u00a0 \u00a0 \u00a0 \u00a0 \u00a0 <img decoding=\"async\" loading=\"lazy\" class=\"alignnone wp-image-611\" src=\"http:\/\/www.aaesor721.fr\/wp-content\/uploads\/2020\/01\/manoeuvre2-300x188.jpg\" alt=\"\" width=\"270\" height=\"169\" srcset=\"http:\/\/www.aaesor721.fr\/wp-content\/uploads\/2020\/01\/manoeuvre2-300x188.jpg 300w, http:\/\/www.aaesor721.fr\/wp-content\/uploads\/2020\/01\/manoeuvre2-768x480.jpg 768w, http:\/\/www.aaesor721.fr\/wp-content\/uploads\/2020\/01\/manoeuvre2.jpg 993w\" sizes=\"(max-width: 270px) 100vw, 270px\" \/><\/p>\n<p>Manoeuvres des dirigeables \u00e0 Rochefort<\/p>\n<p>&nbsp;<\/p>\n<p style=\"text-align: left;\">En 1932, la future arm\u00e9e de l&rsquo;air installe sur une partie de ce terrain de la Marine une \u00e9cole de formation pour ses m\u00e9caniciens. Cette \u00e9cole d\u00e9bute ses cours en 1933.\u00a0 Chaque jour, les \u00e9l\u00e8ves quittent la cour d&rsquo;honneur o\u00f9 se trouve le m\u00e2t des couleurs et se dirigent par promotions, en rang par six au pas cadenc\u00e9 (et autrefois, musique en t\u00eate) vers les salles de cours dispers\u00e9es sur tout le site. Ils reviennent vers le r\u00e9fectoire pour le repas de midi, repartent pour les cours de l&rsquo;apr\u00e8s midi et en reviennent en fin d&rsquo;apr\u00e8s midi. Ces centaines d&rsquo;\u00e9l\u00e8ves en transit forment alors le mille-pattes des\u00a0 aviateurs. La formule et la formation \u00ab\u00a0Mille-Pattes\u00a0\u00bb sont rest\u00e9es vivaces \u00e0 Saint Agnant et dans la m\u00e9moire des anciens.<\/p>\n<p>&nbsp;<\/p>\n<p>&nbsp;<\/p>\n<p><img decoding=\"async\" loading=\"lazy\" class=\"alignnone size-medium wp-image-608\" src=\"http:\/\/www.aaesor721.fr\/wp-content\/uploads\/2020\/01\/c\u00e9r\u00e9monie-des-couleurs-300x182.jpg\" alt=\"\" width=\"300\" height=\"182\" srcset=\"http:\/\/www.aaesor721.fr\/wp-content\/uploads\/2020\/01\/c\u00e9r\u00e9monie-des-couleurs-300x182.jpg 300w, http:\/\/www.aaesor721.fr\/wp-content\/uploads\/2020\/01\/c\u00e9r\u00e9monie-des-couleurs.jpg 638w\" sizes=\"(max-width: 300px) 100vw, 300px\" \/>\u00a0 \u00a0 \u00a0 \u00a0 \u00a0 \u00a0 \u00a0 \u00a0 \u00a0 \u00a0 <img decoding=\"async\" loading=\"lazy\" class=\"alignnone wp-image-609\" src=\"http:\/\/www.aaesor721.fr\/wp-content\/uploads\/2020\/01\/retour-mille-pattes-300x200.jpg\" alt=\"\" width=\"278\" height=\"185\" srcset=\"http:\/\/www.aaesor721.fr\/wp-content\/uploads\/2020\/01\/retour-mille-pattes-300x200.jpg 300w, http:\/\/www.aaesor721.fr\/wp-content\/uploads\/2020\/01\/retour-mille-pattes-1024x683.jpg 1024w, http:\/\/www.aaesor721.fr\/wp-content\/uploads\/2020\/01\/retour-mille-pattes-768x512.jpg 768w, http:\/\/www.aaesor721.fr\/wp-content\/uploads\/2020\/01\/retour-mille-pattes-1536x1024.jpg 1536w, http:\/\/www.aaesor721.fr\/wp-content\/uploads\/2020\/01\/retour-mille-pattes-2048x1365.jpg 2048w\" sizes=\"(max-width: 278px) 100vw, 278px\" \/><\/p>\n<p style=\"text-align: left;\">\u00a0 \u00a0 \u00a0 \u00a0 \u00a0 \u00a0C\u00e9r\u00e9monie des couleurs du matin\u00a0 \u00a0 \u00a0 \u00a0 \u00a0 \u00a0 \u00a0 \u00a0 \u00a0 \u00a0 \u00a0 \u00a0 \u00a0 \u00a0 \u00a0 \u00a0 \u00a0 \u00a0 \u00a0 \u00a0 \u00a0 \u00a0 Retour du Mille Pattes<\/p>\n<p>&nbsp;<\/p>\n<p>&nbsp;<\/p>\n","protected":false},"excerpt":{"rendered":"<p>&nbsp; Le Mille Pattes est le titre du bulletin semestriel de l&rsquo;AAESOR. Pourquoi ce dr\u00f4le de nom pour une publication? L&rsquo;\u00c9cole des sous-officiers m\u00e9caniciens de l&rsquo;arm\u00e9e de l&rsquo;air est implant\u00e9e sur le site de Saint Aignant depuis 1978. Mais lors de sa cr\u00e9ation elle occupait un autre site sur la commune de Rochefort. En 1916, [&hellip;]<\/p>\n","protected":false},"author":4,"featured_media":0,"parent":0,"menu_order":0,"comment_status":"closed","ping_status":"closed","template":"","meta":[],"_links":{"self":[{"href":"http:\/\/www.aaesor721.fr\/index.php\/wp-json\/wp\/v2\/pages\/554"}],"collection":[{"href":"http:\/\/www.aaesor721.fr\/index.php\/wp-json\/wp\/v2\/pages"}],"about":[{"href":"http:\/\/www.aaesor721.fr\/index.php\/wp-json\/wp\/v2\/types\/page"}],"author":[{"embeddable":true,"href":"http:\/\/www.aaesor721.fr\/index.php\/wp-json\/wp\/v2\/users\/4"}],"replies":[{"embeddable":true,"href":"http:\/\/www.aaesor721.fr\/index.php\/wp-json\/wp\/v2\/comments?post=554"}],"version-history":[{"count":40,"href":"http:\/\/www.aaesor721.fr\/index.php\/wp-json\/wp\/v2\/pages\/554\/revisions"}],"predecessor-version":[{"id":1958,"href":"http:\/\/www.aaesor721.fr\/index.php\/wp-json\/wp\/v2\/pages\/554\/revisions\/1958"}],"wp:attachment":[{"href":"http:\/\/www.aaesor721.fr\/index.php\/wp-json\/wp\/v2\/media?parent=554"}],"curies":[{"name":"wp","href":"https:\/\/api.w.org\/{rel}","templated":true}]}}