{"id":2529,"date":"2025-07-21T16:07:23","date_gmt":"2025-07-21T14:07:23","guid":{"rendered":"http:\/\/www.aaesor721.fr\/?page_id=2529"},"modified":"2025-07-21T16:07:23","modified_gmt":"2025-07-21T14:07:23","slug":"air-actualites-mars-2025","status":"publish","type":"page","link":"http:\/\/www.aaesor721.fr\/index.php\/air-actualites-mars-2025\/","title":{"rendered":"Air Actualit\u00e9s mars 2025"},"content":{"rendered":"<p>Voici le dernier Air Actualit\u00e9s N\u00b0 777 de mars 2025 \u00e0 lire avec mod\u00e9ration.<\/p>\n<p>Bonne lecture \u00e0 toutes et \u00e0 tous&#8230;<\/p>\n<p><a href=\"http:\/\/www.aaesor721.fr\/wp-content\/uploads\/2025\/07\/aira777_Intradef.pdf\">aira777_Intradef<\/a><\/p>\n","protected":false},"excerpt":{"rendered":"<p>Voici le dernier Air Actualit\u00e9s N\u00b0 777 de mars 2025 \u00e0 lire avec mod\u00e9ration. Bonne lecture \u00e0 toutes et \u00e0 tous&#8230; aira777_Intradef<\/p>\n","protected":false},"author":4,"featured_media":0,"parent":0,"menu_order":0,"comment_status":"closed","ping_status":"closed","template":"","meta":[],"_links":{"self":[{"href":"http:\/\/www.aaesor721.fr\/index.php\/wp-json\/wp\/v2\/pages\/2529"}],"collection":[{"href":"http:\/\/www.aaesor721.fr\/index.php\/wp-json\/wp\/v2\/pages"}],"about":[{"href":"http:\/\/www.aaesor721.fr\/index.php\/wp-json\/wp\/v2\/types\/page"}],"author":[{"embeddable":true,"href":"http:\/\/www.aaesor721.fr\/index.php\/wp-json\/wp\/v2\/users\/4"}],"replies":[{"embeddable":true,"href":"http:\/\/www.aaesor721.fr\/index.php\/wp-json\/wp\/v2\/comments?post=2529"}],"version-history":[{"count":1,"href":"http:\/\/www.aaesor721.fr\/index.php\/wp-json\/wp\/v2\/pages\/2529\/revisions"}],"predecessor-version":[{"id":2530,"href":"http:\/\/www.aaesor721.fr\/index.php\/wp-json\/wp\/v2\/pages\/2529\/revisions\/2530"}],"wp:attachment":[{"href":"http:\/\/www.aaesor721.fr\/index.php\/wp-json\/wp\/v2\/media?parent=2529"}],"curies":[{"name":"wp","href":"https:\/\/api.w.org\/{rel}","templated":true}]}}