{"id":2383,"date":"2024-08-27T17:22:44","date_gmt":"2024-08-27T15:22:44","guid":{"rendered":"http:\/\/www.aaesor721.fr\/?page_id=2383"},"modified":"2026-04-01T11:39:15","modified_gmt":"2026-04-01T09:39:15","slug":"bulletin-dadhesion-2026","status":"publish","type":"page","link":"http:\/\/www.aaesor721.fr\/index.php\/bulletin-dadhesion-2026\/","title":{"rendered":"Bulletins d&rsquo;adh\u00e9sion 2026"},"content":{"rendered":"<p><a href=\"http:\/\/www.aaesor721.fr\/wp-content\/uploads\/2026\/03\/Bulletin-dAdhesion-et-de-renouvellement-dadhesion.pdf\">Bulletin d&rsquo;Adh\u00e9sion et de renouvellement d&rsquo;adh\u00e9sion<\/a><\/p>\n<p><a href=\"http:\/\/www.aaesor721.fr\/wp-content\/uploads\/2026\/03\/Bulletin-dadhesion-Sympathisant.pdf\">Bulletin d&rsquo;adh\u00e9sion Sympathisant<\/a><\/p>\n","protected":false},"excerpt":{"rendered":"<p>Bulletin d&rsquo;Adh\u00e9sion et de renouvellement d&rsquo;adh\u00e9sion Bulletin d&rsquo;adh\u00e9sion Sympathisant<\/p>\n","protected":false},"author":4,"featured_media":0,"parent":0,"menu_order":0,"comment_status":"closed","ping_status":"closed","template":"","meta":[],"_links":{"self":[{"href":"http:\/\/www.aaesor721.fr\/index.php\/wp-json\/wp\/v2\/pages\/2383"}],"collection":[{"href":"http:\/\/www.aaesor721.fr\/index.php\/wp-json\/wp\/v2\/pages"}],"about":[{"href":"http:\/\/www.aaesor721.fr\/index.php\/wp-json\/wp\/v2\/types\/page"}],"author":[{"embeddable":true,"href":"http:\/\/www.aaesor721.fr\/index.php\/wp-json\/wp\/v2\/users\/4"}],"replies":[{"embeddable":true,"href":"http:\/\/www.aaesor721.fr\/index.php\/wp-json\/wp\/v2\/comments?post=2383"}],"version-history":[{"count":6,"href":"http:\/\/www.aaesor721.fr\/index.php\/wp-json\/wp\/v2\/pages\/2383\/revisions"}],"predecessor-version":[{"id":2845,"href":"http:\/\/www.aaesor721.fr\/index.php\/wp-json\/wp\/v2\/pages\/2383\/revisions\/2845"}],"wp:attachment":[{"href":"http:\/\/www.aaesor721.fr\/index.php\/wp-json\/wp\/v2\/media?parent=2383"}],"curies":[{"name":"wp","href":"https:\/\/api.w.org\/{rel}","templated":true}]}}