{"id":2335,"date":"2024-07-22T10:43:23","date_gmt":"2024-07-22T08:43:23","guid":{"rendered":"http:\/\/www.aaesor721.fr\/?page_id=2335"},"modified":"2024-11-27T16:21:36","modified_gmt":"2024-11-27T15:21:36","slug":"sommaire-du-mille-pattes-n40-juin-2024","status":"publish","type":"page","link":"http:\/\/www.aaesor721.fr\/index.php\/sommaire-du-mille-pattes-n40-juin-2024\/","title":{"rendered":"Sommaire du Mille Pattes n\u00b040 \/ Juin 2024"},"content":{"rendered":"<p style=\"text-align: left;\">LE MOT DU PR\u00c9SIDENT<\/p>\n<p style=\"text-align: left;\">\nASSEMBL\u00c9ES G\u00c9N\u00c9RALES<br \/>\nlnfos sur l&rsquo;Assembl\u00e9e G\u00e9n\u00e9rale 2024<\/p>\n<p style=\"text-align: left;\">\nACTIVIT\u00c9 DANS LES R\u00c9GIONS<\/p>\n<p style=\"text-align: left;\">&#8211; CENTRE-VAL DE LOIRE<br \/>\nJourn\u00e9es portes ouvertes sur la Base d&rsquo;Avord<br \/>\nLes 10 ans de I&rsquo;A400M sur la Base d&rsquo;Orl\u00e9ans<br \/>\nR\u00e9union du r\u00e9seau Madon sur la Base d&rsquo;Avord<br \/>\n&#8211; GRAND-EST<br \/>\nComm\u00e9moration des 53 ans du d\u00e9c\u00e8s du G\u00e9n\u00e9ral de Gaulle<br \/>\n&#8211; NOUVELLE-AQUITAINE<br \/>\nPr\u00e9sentation au drapeau sur la BA721 de Rochefort<br \/>\nC\u00e9r\u00e9monie des Couleurs adjudant G\u00e9mot sur la 8A721<br \/>\nBapt\u00eame du PC de la BA721<br \/>\nLes obs\u00e8ques de Monsieur Marcel Berthom\u00e9<br \/>\nBapt\u00eame de la promotion 156 de I&rsquo;EETAAE de Saintes<br \/>\nC\u00e9r\u00e9monie RSMV place Colbert \u00e0 Rochefort<br \/>\nExposition Marcel Berthom\u00e9 \u00e0 Libourne<br \/>\n&#8211; PARIS-\u00ceLE-DE-FRANCE<br \/>\nRavivage de la Flamme par la BA 107 et la ville deV\u00e9lizy<br \/>\nVisite du Roi Charles lll \u00e0 Paris<br \/>\nJourn\u00e9e nationale d&rsquo;hommage aux Harkis<br \/>\nComm\u00e9moration du Centenaire de la Flamme<br \/>\nVeill\u00e9e du Comit\u00e9 de la Flamme<br \/>\nR\u00e9union annuelle des Vieilles Racines<br \/>\nColloque sur la Guerre d&rsquo;lndochine<br \/>\nVisite Parisienne des \u00e9l\u00e8ves de l&rsquo;EPAE<br \/>\nConf\u00e9rence du GCA Moral\u00e8s sur les r\u00e9serves<br \/>\nLes voeux du CEMA<br \/>\nVeill\u00e9e de Missak Manouchian au Mont-Val\u00e9rien<\/p>\n<p style=\"text-align: left;\">\nHISTOIRE TECHNIQUE NOSTALGIE<br \/>\n1964,|a naissance des FAS<br \/>\nLes aviateurs fran\u00e7ais du D-Day<br \/>\nLe parcours d&rsquo;Attila<\/p>\n<p style=\"text-align: left;\">DIVERS<br \/>\nNos disparus<br \/>\nNouveaux adh\u00e9rents<br \/>\nlnformations aux adh\u00e9rents<br \/>\nLa boutique<\/p>\n","protected":false},"excerpt":{"rendered":"<p>LE MOT DU PR\u00c9SIDENT ASSEMBL\u00c9ES G\u00c9N\u00c9RALES lnfos sur l&rsquo;Assembl\u00e9e G\u00e9n\u00e9rale 2024 ACTIVIT\u00c9 DANS LES R\u00c9GIONS &#8211; CENTRE-VAL DE LOIRE Journ\u00e9es portes ouvertes sur la Base d&rsquo;Avord Les 10 ans de I&rsquo;A400M sur la Base d&rsquo;Orl\u00e9ans R\u00e9union du r\u00e9seau Madon sur la Base d&rsquo;Avord &#8211; GRAND-EST Comm\u00e9moration des 53 ans du d\u00e9c\u00e8s du G\u00e9n\u00e9ral de Gaulle [&hellip;]<\/p>\n","protected":false},"author":4,"featured_media":0,"parent":0,"menu_order":0,"comment_status":"closed","ping_status":"closed","template":"","meta":[],"_links":{"self":[{"href":"http:\/\/www.aaesor721.fr\/index.php\/wp-json\/wp\/v2\/pages\/2335"}],"collection":[{"href":"http:\/\/www.aaesor721.fr\/index.php\/wp-json\/wp\/v2\/pages"}],"about":[{"href":"http:\/\/www.aaesor721.fr\/index.php\/wp-json\/wp\/v2\/types\/page"}],"author":[{"embeddable":true,"href":"http:\/\/www.aaesor721.fr\/index.php\/wp-json\/wp\/v2\/users\/4"}],"replies":[{"embeddable":true,"href":"http:\/\/www.aaesor721.fr\/index.php\/wp-json\/wp\/v2\/comments?post=2335"}],"version-history":[{"count":8,"href":"http:\/\/www.aaesor721.fr\/index.php\/wp-json\/wp\/v2\/pages\/2335\/revisions"}],"predecessor-version":[{"id":2411,"href":"http:\/\/www.aaesor721.fr\/index.php\/wp-json\/wp\/v2\/pages\/2335\/revisions\/2411"}],"wp:attachment":[{"href":"http:\/\/www.aaesor721.fr\/index.php\/wp-json\/wp\/v2\/media?parent=2335"}],"curies":[{"name":"wp","href":"https:\/\/api.w.org\/{rel}","templated":true}]}}