{"id":2225,"date":"2024-01-12T11:27:34","date_gmt":"2024-01-12T10:27:34","guid":{"rendered":"http:\/\/www.aaesor721.fr\/?page_id=2225"},"modified":"2024-01-12T11:32:42","modified_gmt":"2024-01-12T10:32:42","slug":"sommaire-du-mille-pattes-n-39","status":"publish","type":"page","link":"http:\/\/www.aaesor721.fr\/index.php\/sommaire-du-mille-pattes-n-39\/","title":{"rendered":"Sommaire du Mille Pattes n\u00b0 39 \/ novembre 2023"},"content":{"rendered":"<p style=\"text-align: left;\">SOMMAIRE du MILLE-PATTES N\u00b0 39 de novembre 2023<\/p>\n<p style=\"text-align: left;\">Le mot du Pr\u00e9sident<br \/>\nLe mot du G\u00e9n\u00e9ral<br \/>\n<strong>ASSEMBL\u00c9ES, CONSEILS, R\u00c9UNIONS<\/strong><\/p>\n<p style=\"text-align: left;\">L\u2019assembl\u00e9e g\u00e9n\u00e9rale 2023 de l&rsquo;AAESOR<\/p>\n<p style=\"text-align: left;\"><strong>ACTIVIT\u00c9S DANS LES R\u00c9GIONS<\/strong><\/p>\n<p style=\"text-align: left;\">CENTRE &#8211; VAL DE LOIRE<br \/>\n&#8211; L&rsquo;AAESOR visite la PCA et la BA 123<\/p>\n<p style=\"text-align: left;\">&#8211; L&rsquo;AAESOR visite CANOPEE et le site de Bellande<br \/>\n&#8211; Passation de commandements sur la BA 123 d&rsquo;Orl\u00e9ans<br \/>\nNOUVELLE AQUITAINE<\/p>\n<p style=\"text-align: left;\">&#8211; Bapt\u00eame de la promotion 155 de l&rsquo;EETAAE<br \/>\n&#8211; Mr Berthom\u00e9 honor\u00e9 sur la BA 106<\/p>\n<ul style=\"text-align: left;\">\n<li>Bapt\u00eame de la promotion 2022 de l&rsquo;EFSOAAE<\/li>\n<li>Prises de commandement sur la BA 118<\/li>\n<\/ul>\n<p style=\"text-align: left;\">PARIS-\u00ceLE DE FRANCE<\/p>\n<p style=\"text-align: left;\">&#8211; C\u00e9r\u00e9monie sur l&rsquo;a\u00e9rodrome d&rsquo;\u00c9tampes-Mond\u00e9sir<\/p>\n<p style=\"text-align: left;\">&#8211; C\u00e9r\u00e9monie su stand de tir de Balard<\/p>\n<p style=\"text-align: left;\">&#8211; 83<sup>e<\/sup> anniversaire de l&rsquo;appel du 18 juin 1940<\/p>\n<p style=\"text-align: left;\">&#8211; Salon du Bourget du 19 au 25 juin 2023<\/p>\n<p style=\"text-align: left;\">&#8211; Exposition du 14 juillet aux Invalides<\/p>\n<p style=\"text-align: left;\">&#8211; Exposition du 14 juillet au parc Citro\u00ebn<\/p>\n<p style=\"text-align: left;\">&#8211; Comm\u00e9moration de la rafle du Vel d&rsquo;Hiv<\/p>\n<p style=\"text-align: left;\">PROVENCE-ALPES-C\u00d4TE D&rsquo;AZUR<\/p>\n<p style=\"text-align: left;\">\u00a0&#8211; Meeting sur BA 701 Salon de Provence<\/p>\n<p style=\"text-align: left;\"><strong>HISTOIRE-TECHNIQUE<\/strong><\/p>\n<p style=\"text-align: left;\">&#8211; Historique de la Patrouille de France<\/p>\n<p style=\"text-align: left;\">&#8211; Les deux Jaguar de Saint-Dizier<\/p>\n<p style=\"text-align: left;\">&#8211; Les Microjet 200 et 200B<\/p>\n<p style=\"text-align: left;\"><strong>DIVERS<\/strong><\/p>\n<p style=\"text-align: left;\">Nos disparus<\/p>\n<p style=\"text-align: left;\">Nouveaux adh\u00e9rents<\/p>\n<p style=\"text-align: left;\">Les reconnaissez-vous\u00a0?<\/p>\n<p style=\"text-align: left;\">Informations aux adh\u00e9rents<\/p>\n<p style=\"text-align: left;\">Cotisations-Coordonn\u00e9es du tr\u00e9sorier<br \/>\nLa boutique<\/p>\n","protected":false},"excerpt":{"rendered":"<p>SOMMAIRE du MILLE-PATTES N\u00b0 39 de novembre 2023 Le mot du Pr\u00e9sident Le mot du G\u00e9n\u00e9ral ASSEMBL\u00c9ES, CONSEILS, R\u00c9UNIONS L\u2019assembl\u00e9e g\u00e9n\u00e9rale 2023 de l&rsquo;AAESOR ACTIVIT\u00c9S DANS LES R\u00c9GIONS CENTRE &#8211; VAL DE LOIRE &#8211; L&rsquo;AAESOR visite la PCA et la BA 123 &#8211; L&rsquo;AAESOR visite CANOPEE et le site de Bellande &#8211; Passation de commandements [&hellip;]<\/p>\n","protected":false},"author":4,"featured_media":0,"parent":0,"menu_order":0,"comment_status":"closed","ping_status":"closed","template":"","meta":[],"_links":{"self":[{"href":"http:\/\/www.aaesor721.fr\/index.php\/wp-json\/wp\/v2\/pages\/2225"}],"collection":[{"href":"http:\/\/www.aaesor721.fr\/index.php\/wp-json\/wp\/v2\/pages"}],"about":[{"href":"http:\/\/www.aaesor721.fr\/index.php\/wp-json\/wp\/v2\/types\/page"}],"author":[{"embeddable":true,"href":"http:\/\/www.aaesor721.fr\/index.php\/wp-json\/wp\/v2\/users\/4"}],"replies":[{"embeddable":true,"href":"http:\/\/www.aaesor721.fr\/index.php\/wp-json\/wp\/v2\/comments?post=2225"}],"version-history":[{"count":2,"href":"http:\/\/www.aaesor721.fr\/index.php\/wp-json\/wp\/v2\/pages\/2225\/revisions"}],"predecessor-version":[{"id":2227,"href":"http:\/\/www.aaesor721.fr\/index.php\/wp-json\/wp\/v2\/pages\/2225\/revisions\/2227"}],"wp:attachment":[{"href":"http:\/\/www.aaesor721.fr\/index.php\/wp-json\/wp\/v2\/media?parent=2225"}],"curies":[{"name":"wp","href":"https:\/\/api.w.org\/{rel}","templated":true}]}}