{"id":195,"date":"2018-12-30T17:47:26","date_gmt":"2018-12-30T16:47:26","guid":{"rendered":"http:\/\/localhost\/aaesor721_wp\/?page_id=195"},"modified":"2018-12-30T17:47:26","modified_gmt":"2018-12-30T16:47:26","slug":"les-faits-marquants-de-lassociation","status":"publish","type":"page","link":"http:\/\/www.aaesor721.fr\/index.php\/les-faits-marquants-de-lassociation\/","title":{"rendered":"Les faits marquants de l&rsquo;association"},"content":{"rendered":"<p style=\"text-align: justify;\"><mark>La devise de l&rsquo;unit\u00e9 et son origine : \u00ab\u00a0S&rsquo;armer pour le futur\u00a0\u00bb En Mai 1996, le g\u00e9n\u00e9ral de brigade a\u00e9rienne Cordier, commandant l&rsquo;Ecole Technique, fait adopter cette devise \u00e0 l&rsquo;Ecole<\/mark>. Fruit d&rsquo;une r\u00e9flexion collective, cette formule se veut f\u00e9d\u00e9ratrice \u00e0 la fois de notre mission globale et de nos multiples activit\u00e9s, elle regroupe trois th\u00e8mes : la formation, l&rsquo;a\u00e9ronautique et la d\u00e9fense. \u00ab\u00a0S&rsquo;armer\u00a0\u00bb \u00e9voque astucieusement \u00e0 la fois la formation et la d\u00e9fense. \u00ab\u00a0Le futur\u00a0\u00bb inspire la haute technologie, l&rsquo;id\u00e9e d&rsquo;anticipation et les \u00e9volutions de notre institution face aux nouvelles menaces. \u00e0 placer \u00e0 la suite de l&rsquo;historique de la BA 721.<\/p>\n","protected":false},"excerpt":{"rendered":"<p>La devise de l&rsquo;unit\u00e9 et son origine : \u00ab\u00a0S&rsquo;armer pour le futur\u00a0\u00bb En Mai 1996, le g\u00e9n\u00e9ral de brigade a\u00e9rienne Cordier, commandant l&rsquo;Ecole Technique, fait adopter cette devise \u00e0 l&rsquo;Ecole. Fruit d&rsquo;une r\u00e9flexion collective, cette formule se veut f\u00e9d\u00e9ratrice \u00e0 la fois de notre mission globale et de nos multiples activit\u00e9s, elle regroupe trois th\u00e8mes [&hellip;]<\/p>\n","protected":false},"author":4,"featured_media":0,"parent":0,"menu_order":0,"comment_status":"closed","ping_status":"closed","template":"","meta":[],"_links":{"self":[{"href":"http:\/\/www.aaesor721.fr\/index.php\/wp-json\/wp\/v2\/pages\/195"}],"collection":[{"href":"http:\/\/www.aaesor721.fr\/index.php\/wp-json\/wp\/v2\/pages"}],"about":[{"href":"http:\/\/www.aaesor721.fr\/index.php\/wp-json\/wp\/v2\/types\/page"}],"author":[{"embeddable":true,"href":"http:\/\/www.aaesor721.fr\/index.php\/wp-json\/wp\/v2\/users\/4"}],"replies":[{"embeddable":true,"href":"http:\/\/www.aaesor721.fr\/index.php\/wp-json\/wp\/v2\/comments?post=195"}],"version-history":[{"count":1,"href":"http:\/\/www.aaesor721.fr\/index.php\/wp-json\/wp\/v2\/pages\/195\/revisions"}],"predecessor-version":[{"id":196,"href":"http:\/\/www.aaesor721.fr\/index.php\/wp-json\/wp\/v2\/pages\/195\/revisions\/196"}],"wp:attachment":[{"href":"http:\/\/www.aaesor721.fr\/index.php\/wp-json\/wp\/v2\/media?parent=195"}],"curies":[{"name":"wp","href":"https:\/\/api.w.org\/{rel}","templated":true}]}}