{"id":1933,"date":"2023-05-22T21:30:28","date_gmt":"2023-05-22T19:30:28","guid":{"rendered":"http:\/\/www.aaesor721.fr\/?page_id=1933"},"modified":"2023-05-23T10:04:06","modified_gmt":"2023-05-23T08:04:06","slug":"laaesor-visite-canopee-et-le-site-de-bellande","status":"publish","type":"page","link":"http:\/\/www.aaesor721.fr\/index.php\/laaesor-visite-canopee-et-le-site-de-bellande\/","title":{"rendered":"L&rsquo;AAESOR visite CANOPEE et le site de Bellande"},"content":{"rendered":"<p style=\"text-align: left;\">Les visites en r\u00e9gion Centre-Val de Loire commenc\u00e9es le 18 avril 2023 \u00e0 Orl\u00e9ans par la PCA de Chanteau et la base de Bricy se poursuivent le 19 \u00e0 Ch\u00e2teaudun. Le matin sera consacr\u00e9 \u00e0 la d\u00e9couverte du conservatoire CANOPEE situ\u00e9 sur l&rsquo;ancienne base a\u00e9rienne 279 puis l&rsquo;apr\u00e8s-midi sera d\u00e9di\u00e9 au d\u00e9p\u00f4t d&rsquo;une gerbe lors d&rsquo;une c\u00e9r\u00e9monie \u00e0 la st\u00e8le du m\u00e9morial aux aviateurs alli\u00e9s, proche de la ferme de Bellande que nous visiterons ensuite.<\/p>\n<p style=\"text-align: left;\"><strong>Le Conservatoire d&rsquo;a\u00e9ronefs CANOPEE<\/strong><\/p>\n<p><img decoding=\"async\" loading=\"lazy\" class=\"size-medium wp-image-1904 aligncenter\" src=\"http:\/\/www.aaesor721.fr\/wp-content\/uploads\/2023\/05\/CANOPEE-300x258.jpg\" alt=\"\" width=\"300\" height=\"258\" srcset=\"http:\/\/www.aaesor721.fr\/wp-content\/uploads\/2023\/05\/CANOPEE-300x258.jpg 300w, http:\/\/www.aaesor721.fr\/wp-content\/uploads\/2023\/05\/CANOPEE.jpg 689w\" sizes=\"(max-width: 300px) 100vw, 300px\" \/><\/p>\n<p style=\"text-align: left;\">CANOPEE est l&rsquo;acronyme de <strong>C<\/strong>onservatoire d&rsquo;<strong>A<\/strong>\u00e9ronefs <strong>N<\/strong>on <strong>O<\/strong>p\u00e9rationnels <strong>P<\/strong>r\u00e9serv\u00e9s <strong>E<\/strong>t <strong>E<\/strong>xpos\u00e9s.<br \/>\nCe Conservatoire est situ\u00e9 sur l&rsquo;ancienne base a\u00e9rienne 279 \u00ab\u00a0Lieutenant Beau\u00a0\u00bb\u00a0 de Ch\u00e2teaudun et, comme indiqu\u00e9 dans son\u00a0 prospectus, \u00ab\u00a0cette base \u00e9tant la seule \u00e0 avoir accueilli un jour sur son sol la quasi-totalit\u00e9 des a\u00e9ronefs en service dans notre Arm\u00e9e de l&rsquo;air, il n&rsquo;est donc pas surprenant qu&rsquo;une action de sauvegarde de ce patrimoine, partie int\u00e9grante de notre Histoire de France, y ait \u00e9t\u00e9 lanc\u00e9e\u00a0\u00bb.<\/p>\n<p style=\"text-align: left;\">Et quel patrimoine ! Dans ce hangar de 4650 m<sup>2 <\/sup>inaugur\u00e9 le 23 mai 2006, sont rassembl\u00e9s plus de trente appareils ayant port\u00e9 la cocarde bleu-blanc-rouge depuis la fin de la 2<sup>e<\/sup> guerre mondiale jusqu&rsquo;\u00e0 nos jours. Entre autres est pr\u00e9sente la collection quasi compl\u00e8te des avions Dassault, depuis l&rsquo;Ouragan jusqu&rsquo;au Mirage 2000 N qui nous permet d&rsquo;appr\u00e9cier l&rsquo;\u00e9volution de la technique a\u00e9ronautique de ces 60 derni\u00e8res ann\u00e9es.<\/p>\n<p style=\"text-align: left;\">Pr\u00e9serv\u00e9s, remis en \u00e9tat et bichonn\u00e9s par des b\u00e9n\u00e9voles, ces a\u00e9ronefs font leur fiert\u00e9 lorsqu&rsquo;ils les pr\u00e9sentent au \u00a0\u00a0\u00a0\u00a0\u00a0public. Notre guide, fin connaisseur de son sujet nous a largement prodigu\u00e9 ses connaissances vastes et pr\u00e9cises.<\/p>\n<p><img decoding=\"async\" loading=\"lazy\" class=\"size-medium wp-image-1915 aligncenter\" src=\"http:\/\/www.aaesor721.fr\/wp-content\/uploads\/2023\/05\/P_20230419_091830-300x169.jpg\" alt=\"\" width=\"300\" height=\"169\" srcset=\"http:\/\/www.aaesor721.fr\/wp-content\/uploads\/2023\/05\/P_20230419_091830-300x169.jpg 300w, http:\/\/www.aaesor721.fr\/wp-content\/uploads\/2023\/05\/P_20230419_091830-1024x576.jpg 1024w, http:\/\/www.aaesor721.fr\/wp-content\/uploads\/2023\/05\/P_20230419_091830-768x432.jpg 768w, http:\/\/www.aaesor721.fr\/wp-content\/uploads\/2023\/05\/P_20230419_091830-1536x864.jpg 1536w, http:\/\/www.aaesor721.fr\/wp-content\/uploads\/2023\/05\/P_20230419_091830-2048x1152.jpg 2048w\" sizes=\"(max-width: 300px) 100vw, 300px\" \/><\/p>\n<p style=\"text-align: left;\">Quel plaisir de revoir des appareils sur lesquels nous avons travaill\u00e9 au cours de notre carri\u00e8re et que nous consid\u00e9rons comme \u00ab\u00a0les plus beaux\u00a0\u00bb (chauvin moi ? mais non voyons).<\/p>\n<p><img decoding=\"async\" loading=\"lazy\" class=\"size-medium wp-image-1912 aligncenter\" src=\"http:\/\/www.aaesor721.fr\/wp-content\/uploads\/2023\/05\/IMG_1672-300x225.jpg\" alt=\"\" width=\"300\" height=\"225\" srcset=\"http:\/\/www.aaesor721.fr\/wp-content\/uploads\/2023\/05\/IMG_1672-300x225.jpg 300w, http:\/\/www.aaesor721.fr\/wp-content\/uploads\/2023\/05\/IMG_1672-1024x768.jpg 1024w, http:\/\/www.aaesor721.fr\/wp-content\/uploads\/2023\/05\/IMG_1672-768x576.jpg 768w, http:\/\/www.aaesor721.fr\/wp-content\/uploads\/2023\/05\/IMG_1672-1536x1152.jpg 1536w, http:\/\/www.aaesor721.fr\/wp-content\/uploads\/2023\/05\/IMG_1672.jpg 1600w\" sizes=\"(max-width: 300px) 100vw, 300px\" \/><\/p>\n<p style=\"text-align: left;\">En ce qui me concerne, ils sont tous l\u00e0: dehors se trouve le Transall et dans le hangar le Broussard, le MS 760 Paris, le Nord 262, et le plus beau d\u00e9j\u00e0 montr\u00e9 ci-dessus. Mais tous pensent comme moi et sont ravis de voir cette magnifique collection qui r\u00e9veille en chacun de nous bien des souvenirs. Voici quelques exemplaires de cet inventaire d&rsquo;avions de chasse, de bombardement, de reconnaissance mais aussi d&rsquo;avions \u00e9cole, de \u00a0transport et d&rsquo;h\u00e9licopt\u00e8res.<\/p>\n<p>\u00a0<img decoding=\"async\" loading=\"lazy\" class=\"alignnone wp-image-1908\" src=\"http:\/\/www.aaesor721.fr\/wp-content\/uploads\/2023\/05\/IMG_1663-300x225.jpg\" alt=\"\" width=\"217\" height=\"163\" srcset=\"http:\/\/www.aaesor721.fr\/wp-content\/uploads\/2023\/05\/IMG_1663-300x225.jpg 300w, http:\/\/www.aaesor721.fr\/wp-content\/uploads\/2023\/05\/IMG_1663-1024x768.jpg 1024w, http:\/\/www.aaesor721.fr\/wp-content\/uploads\/2023\/05\/IMG_1663-768x576.jpg 768w, http:\/\/www.aaesor721.fr\/wp-content\/uploads\/2023\/05\/IMG_1663-1536x1152.jpg 1536w, http:\/\/www.aaesor721.fr\/wp-content\/uploads\/2023\/05\/IMG_1663.jpg 1600w\" sizes=\"(max-width: 217px) 100vw, 217px\" \/>\u00a0 \u00a0 \u00a0 \u00a0 <img decoding=\"async\" loading=\"lazy\" class=\"alignnone wp-image-1909\" src=\"http:\/\/www.aaesor721.fr\/wp-content\/uploads\/2023\/05\/IMG_1665-300x225.jpg\" alt=\"\" width=\"227\" height=\"170\" srcset=\"http:\/\/www.aaesor721.fr\/wp-content\/uploads\/2023\/05\/IMG_1665-300x225.jpg 300w, http:\/\/www.aaesor721.fr\/wp-content\/uploads\/2023\/05\/IMG_1665-1024x768.jpg 1024w, http:\/\/www.aaesor721.fr\/wp-content\/uploads\/2023\/05\/IMG_1665-768x576.jpg 768w, http:\/\/www.aaesor721.fr\/wp-content\/uploads\/2023\/05\/IMG_1665-1536x1152.jpg 1536w, http:\/\/www.aaesor721.fr\/wp-content\/uploads\/2023\/05\/IMG_1665.jpg 1600w\" sizes=\"(max-width: 227px) 100vw, 227px\" \/><\/p>\n<p><img decoding=\"async\" loading=\"lazy\" class=\"alignnone wp-image-1910\" src=\"http:\/\/www.aaesor721.fr\/wp-content\/uploads\/2023\/05\/IMG_1668-300x225.jpg\" alt=\"\" width=\"225\" height=\"169\" srcset=\"http:\/\/www.aaesor721.fr\/wp-content\/uploads\/2023\/05\/IMG_1668-300x225.jpg 300w, http:\/\/www.aaesor721.fr\/wp-content\/uploads\/2023\/05\/IMG_1668-1024x768.jpg 1024w, http:\/\/www.aaesor721.fr\/wp-content\/uploads\/2023\/05\/IMG_1668-768x576.jpg 768w, http:\/\/www.aaesor721.fr\/wp-content\/uploads\/2023\/05\/IMG_1668-1536x1152.jpg 1536w, http:\/\/www.aaesor721.fr\/wp-content\/uploads\/2023\/05\/IMG_1668.jpg 1600w\" sizes=\"(max-width: 225px) 100vw, 225px\" \/>\u00a0 \u00a0 \u00a0 <img decoding=\"async\" loading=\"lazy\" class=\"alignnone wp-image-1911\" src=\"http:\/\/www.aaesor721.fr\/wp-content\/uploads\/2023\/05\/IMG_1670-300x225.jpg\" alt=\"\" width=\"227\" height=\"170\" srcset=\"http:\/\/www.aaesor721.fr\/wp-content\/uploads\/2023\/05\/IMG_1670-300x225.jpg 300w, http:\/\/www.aaesor721.fr\/wp-content\/uploads\/2023\/05\/IMG_1670-1024x768.jpg 1024w, http:\/\/www.aaesor721.fr\/wp-content\/uploads\/2023\/05\/IMG_1670-768x576.jpg 768w, http:\/\/www.aaesor721.fr\/wp-content\/uploads\/2023\/05\/IMG_1670-1536x1152.jpg 1536w, http:\/\/www.aaesor721.fr\/wp-content\/uploads\/2023\/05\/IMG_1670.jpg 1600w\" sizes=\"(max-width: 227px) 100vw, 227px\" \/><\/p>\n<p style=\"text-align: left;\">On pourrait les admirer pendant des heures mais tout a une fin et nous devons quitter nos h\u00f4tes apr\u00e8s les avoir remerci\u00e9s pour la qualit\u00e9 de leur accueil et f\u00e9licit\u00e9s pour la beaut\u00e9 de leur collection. Nous retournons vers notre restaurant habituel, le P&rsquo;tit Gourmand, puis nous nous dirigerons cet apr\u00e8s-midi vers Cloyes sur le Loir (41) et le site de Bellande.<\/p>\n<p><img decoding=\"async\" loading=\"lazy\" class=\"size-medium wp-image-1914 aligncenter\" src=\"http:\/\/www.aaesor721.fr\/wp-content\/uploads\/2023\/05\/P_20230417_200347-300x169.jpg\" alt=\"\" width=\"300\" height=\"169\" srcset=\"http:\/\/www.aaesor721.fr\/wp-content\/uploads\/2023\/05\/P_20230417_200347-300x169.jpg 300w, http:\/\/www.aaesor721.fr\/wp-content\/uploads\/2023\/05\/P_20230417_200347-1024x576.jpg 1024w, http:\/\/www.aaesor721.fr\/wp-content\/uploads\/2023\/05\/P_20230417_200347-768x432.jpg 768w, http:\/\/www.aaesor721.fr\/wp-content\/uploads\/2023\/05\/P_20230417_200347-1536x864.jpg 1536w, http:\/\/www.aaesor721.fr\/wp-content\/uploads\/2023\/05\/P_20230417_200347-2048x1152.jpg 2048w\" sizes=\"(max-width: 300px) 100vw, 300px\" \/><\/p>\n<p style=\"text-align: left;\"><strong>\u00a0<\/strong><\/p>\n<p style=\"text-align: left;\"><strong>Le site de Bellande<\/strong><\/p>\n<p style=\"text-align: left;\">La ferme de Bellande et la for\u00eat proche ont jou\u00e9 un grand r\u00f4le pendant la deuxi\u00e8me guerre mondiale dans l&rsquo;aide apport\u00e9e par le r\u00e9seau Com\u00e8te aux aviateurs alli\u00e9s abattus par l&rsquo;ennemi dans le nord de la France. Peu avant le d\u00e9barquement en Normandie, les ordres avaient \u00e9t\u00e9 donn\u00e9s de ne plus \u00e9vacuer ces \u00e9quipages par le p\u00e9rilleux trajet \u00e0 travers l&rsquo;Espagne \u00a0pour leur retour vers la Grande-Bretagne. Il convenait de les cacher dans un p\u00e9rim\u00e8tre Chartres-Orl\u00e9ans-Le Mans en attendant leur r\u00e9cup\u00e9ration par les troupes alli\u00e9es qui allaient d\u00e9barquer. Dans la r\u00e9gion que nous visitons, les patriotes de la r\u00e9sistance locale, sous les ordres du colonel Boussa envoy\u00e9 par Londres vont passer \u00e0 l&rsquo;action. \u00a0Les aviateurs, pour la plupart d\u00e9barquaient \u00e0 la gare de Ch\u00e2teaudun et guid\u00e9s par des\u00a0 \u00ab\u00a0convoyeuses\u00a0\u00bb \u00e9taient amen\u00e9s vers la for\u00eat de Bellande o\u00f9 \u00e9tait \u00e9tabli un simple camp de toile. L&rsquo;une d&rsquo;entre elles paya son courage de sa libert\u00e9 et connut le camp de Ravensbruck d&rsquo;o\u00f9 elle revint tr\u00e8s diminu\u00e9e. Ces aviateurs \u00e9taient de toutes les nationalit\u00e9s alli\u00e9es: britanniques, canadiens, sud-africains, n\u00e9o-z\u00e9landais, belges, australiens, am\u00e9ricains et avec le temps la cohabitation entre ces nations devint difficile n\u00e9cessitant un deuxi\u00e8me camp de recueil. Cependant, malgr\u00e9 les risques encourus lors des transferts et la pr\u00e9sence toute proche d&rsquo;un d\u00e9p\u00f4t de munitions allemand, ceux-ci n&rsquo;ont jamais d\u00e9couvert \u00a0le camp. Cette op\u00e9ration \u00e0 permis que soient sauv\u00e9s 152 aviateurs alli\u00e9s, membres d&rsquo;\u00e9quipages de bombardiers principalement qui, parfois bless\u00e9s, furent soign\u00e9s par un m\u00e9decin de Cloyes dans la ferme de Bellande situ\u00e9e \u00e0 proximit\u00e9.<\/p>\n<p><img decoding=\"async\" loading=\"lazy\" class=\"size-medium wp-image-1950 aligncenter\" src=\"http:\/\/www.aaesor721.fr\/wp-content\/uploads\/2023\/05\/image-300x191.jpg\" alt=\"\" width=\"300\" height=\"191\" srcset=\"http:\/\/www.aaesor721.fr\/wp-content\/uploads\/2023\/05\/image-300x191.jpg 300w, http:\/\/www.aaesor721.fr\/wp-content\/uploads\/2023\/05\/image.jpg 740w\" sizes=\"(max-width: 300px) 100vw, 300px\" \/><\/p>\n<p style=\"text-align: left;\">Le comit\u00e9 qui s&rsquo;est cr\u00e9\u00e9 pour perp\u00e9tuer le souvenir de ce sauvetage organise chaque ann\u00e9e une manifestation \u00e0 laquelle participe notre ami Daniel h\u00e9ritier, adh\u00e9rent de notre association qui rev\u00eat sa tenue d&rsquo;officier de l&rsquo;arm\u00e9e de l&rsquo;air pour l&rsquo;occasion. C&rsquo;est ce qu&rsquo;il a fait ce 19 avril, malgr\u00e9 une sant\u00e9 chancelante, pour jouer le r\u00f4le de maitre de cette c\u00e9r\u00e9monie pendant laquelle nous avons \u00a0d\u00e9pos\u00e9 une gerbe au nom de l&rsquo;AAESOR.<\/p>\n<p>\u00a0<img decoding=\"async\" loading=\"lazy\" class=\"alignnone wp-image-1906\" src=\"http:\/\/www.aaesor721.fr\/wp-content\/uploads\/2023\/05\/Gerbe-300x230.jpg\" alt=\"\" width=\"222\" height=\"170\" srcset=\"http:\/\/www.aaesor721.fr\/wp-content\/uploads\/2023\/05\/Gerbe-300x230.jpg 300w, http:\/\/www.aaesor721.fr\/wp-content\/uploads\/2023\/05\/Gerbe-1024x784.jpg 1024w, http:\/\/www.aaesor721.fr\/wp-content\/uploads\/2023\/05\/Gerbe-768x588.jpg 768w, http:\/\/www.aaesor721.fr\/wp-content\/uploads\/2023\/05\/Gerbe-1536x1177.jpg 1536w, http:\/\/www.aaesor721.fr\/wp-content\/uploads\/2023\/05\/Gerbe-2048x1569.jpg 2048w\" sizes=\"(max-width: 222px) 100vw, 222px\" \/> <img decoding=\"async\" loading=\"lazy\" class=\"alignnone size-full wp-image-1913\" src=\"http:\/\/www.aaesor721.fr\/wp-content\/uploads\/2023\/05\/Inscription.jpg\" alt=\"\" width=\"87\" height=\"173\" \/> <img decoding=\"async\" loading=\"lazy\" class=\"alignnone wp-image-1907\" src=\"http:\/\/www.aaesor721.fr\/wp-content\/uploads\/2023\/05\/Heritier-240x300.jpg\" alt=\"\" width=\"170\" height=\"213\" srcset=\"http:\/\/www.aaesor721.fr\/wp-content\/uploads\/2023\/05\/Heritier-240x300.jpg 240w, http:\/\/www.aaesor721.fr\/wp-content\/uploads\/2023\/05\/Heritier.jpg 527w\" sizes=\"(max-width: 170px) 100vw, 170px\" \/><\/p>\n<p style=\"text-align: left;\">Au final une photo de groupe nous a toutes et tous r\u00e9unis devant cette st\u00e8le qui n&rsquo;est pas un monument aux morts mais \u00ab\u00a0aux vivants\u00a0\u00bb.<\/p>\n<p><img decoding=\"async\" loading=\"lazy\" class=\"size-medium wp-image-1949 aligncenter\" src=\"http:\/\/www.aaesor721.fr\/wp-content\/uploads\/2023\/05\/image-e-300x200.jpg\" alt=\"\" width=\"300\" height=\"200\" srcset=\"http:\/\/www.aaesor721.fr\/wp-content\/uploads\/2023\/05\/image-e-300x200.jpg 300w, http:\/\/www.aaesor721.fr\/wp-content\/uploads\/2023\/05\/image-e-1024x683.jpg 1024w, http:\/\/www.aaesor721.fr\/wp-content\/uploads\/2023\/05\/image-e-768x512.jpg 768w, http:\/\/www.aaesor721.fr\/wp-content\/uploads\/2023\/05\/image-e.jpg 1115w\" sizes=\"(max-width: 300px) 100vw, 300px\" \/><\/p>\n<p style=\"text-align: left;\">Nous nous sommes ensuite rendus dans la ferme toute proche. La m\u00e9t\u00e9o \u00e9tait au beau fixe et un rafraichissement bienvenu nous a \u00e9t\u00e9 servi en plein air; \u00e0 l&rsquo;int\u00e9rieur,\u00a0 un petit mus\u00e9e nous racontait l&rsquo;histoire de cette grande aventure \u00e0 l&rsquo;aide de panneaux\u00a0 o\u00f9 figuraient les portraits des principaux protagonistes, ainsi que des photos et profils d&rsquo;avions et pi\u00e8ces d\u00e9tach\u00e9es diverses. Les passionn\u00e9s du sujet ont appr\u00e9ci\u00e9: B17, Halifax, Lancaster, Stirling. Pour les lecteurs du Mille-Pattes, bulletin de notre association, voir l&rsquo;\u00e9vocation du camp de Bellande dans le num\u00e9ro 38.<\/p>\n<p><img decoding=\"async\" loading=\"lazy\" class=\"size-medium wp-image-1905 aligncenter\" src=\"http:\/\/www.aaesor721.fr\/wp-content\/uploads\/2023\/05\/Ferme-300x237.jpg\" alt=\"\" width=\"300\" height=\"237\" srcset=\"http:\/\/www.aaesor721.fr\/wp-content\/uploads\/2023\/05\/Ferme-300x237.jpg 300w, http:\/\/www.aaesor721.fr\/wp-content\/uploads\/2023\/05\/Ferme-1024x810.jpg 1024w, http:\/\/www.aaesor721.fr\/wp-content\/uploads\/2023\/05\/Ferme-768x608.jpg 768w, http:\/\/www.aaesor721.fr\/wp-content\/uploads\/2023\/05\/Ferme-1536x1215.jpg 1536w, http:\/\/www.aaesor721.fr\/wp-content\/uploads\/2023\/05\/Ferme-2048x1621.jpg 2048w\" sizes=\"(max-width: 300px) 100vw, 300px\" \/><\/p>\n<p style=\"text-align: left;\">En fin d&rsquo;apr\u00e8s-midi, nous avons quitt\u00e9 nos h\u00f4tes pour regagner Ch\u00e2teaudun. C&rsquo;\u00e9tait le moment de la s\u00e9paration pour certains avec retour \u00e0 la maison alors que d&rsquo;autres avaient d\u00e9cid\u00e9 de rester encore quelques heures \u00e0 profiter des charmes de la Beauce.<\/p>\n<p style=\"text-align: left;\">Ces deux belles journ\u00e9es \u00e0 Orl\u00e9ans et \u00e0 Ch\u00e2teaudun nous ont fait appr\u00e9cier le plaisir de se retrouver pour des visites agr\u00e9ables et instructives entre amis. Les absents ont toujours tort !<\/p>\n<p style=\"text-align: left;\">19.04.2023<\/p>\n","protected":false},"excerpt":{"rendered":"<p>Les visites en r\u00e9gion Centre-Val de Loire commenc\u00e9es le 18 avril 2023 \u00e0 Orl\u00e9ans par la PCA de Chanteau et la base de Bricy se poursuivent le 19 \u00e0 Ch\u00e2teaudun. Le matin sera consacr\u00e9 \u00e0 la d\u00e9couverte du conservatoire CANOPEE situ\u00e9 sur l&rsquo;ancienne base a\u00e9rienne 279 puis l&rsquo;apr\u00e8s-midi sera d\u00e9di\u00e9 au d\u00e9p\u00f4t d&rsquo;une gerbe lors [&hellip;]<\/p>\n","protected":false},"author":4,"featured_media":0,"parent":0,"menu_order":0,"comment_status":"closed","ping_status":"closed","template":"","meta":[],"_links":{"self":[{"href":"http:\/\/www.aaesor721.fr\/index.php\/wp-json\/wp\/v2\/pages\/1933"}],"collection":[{"href":"http:\/\/www.aaesor721.fr\/index.php\/wp-json\/wp\/v2\/pages"}],"about":[{"href":"http:\/\/www.aaesor721.fr\/index.php\/wp-json\/wp\/v2\/types\/page"}],"author":[{"embeddable":true,"href":"http:\/\/www.aaesor721.fr\/index.php\/wp-json\/wp\/v2\/users\/4"}],"replies":[{"embeddable":true,"href":"http:\/\/www.aaesor721.fr\/index.php\/wp-json\/wp\/v2\/comments?post=1933"}],"version-history":[{"count":14,"href":"http:\/\/www.aaesor721.fr\/index.php\/wp-json\/wp\/v2\/pages\/1933\/revisions"}],"predecessor-version":[{"id":1951,"href":"http:\/\/www.aaesor721.fr\/index.php\/wp-json\/wp\/v2\/pages\/1933\/revisions\/1951"}],"wp:attachment":[{"href":"http:\/\/www.aaesor721.fr\/index.php\/wp-json\/wp\/v2\/media?parent=1933"}],"curies":[{"name":"wp","href":"https:\/\/api.w.org\/{rel}","templated":true}]}}