{"id":141,"date":"2018-12-13T10:10:57","date_gmt":"2018-12-13T09:10:57","guid":{"rendered":"http:\/\/localhost\/aaesor721_wp\/?page_id=141"},"modified":"2025-08-01T08:45:54","modified_gmt":"2025-08-01T06:45:54","slug":"bureau-aaesor","status":"publish","type":"page","link":"http:\/\/www.aaesor721.fr\/index.php\/bureau-aaesor\/","title":{"rendered":"Bureau AAESOR"},"content":{"rendered":"<p>\u200b<\/p>\n<table style=\"border-collapse: collapse; width: 100%; height: 504px;\" border=\"1\">\n<tbody>\n<tr style=\"height: 234px;\">\n<td style=\"width: 25%; text-align: center; height: 234px;\"><img decoding=\"async\" class=\"aligncenter\" src=\"http:\/\/www.aaesor721.fr\/wp-content\/uploads\/2018\/12\/jeanpierre-TRON.jpg\" alt=\"Jean-Pierre Tron - Vice Pr\u00e9sident\" \/><\/p>\n<p>Jean Pierre Tron<\/td>\n<td style=\"width: 25%; text-align: center; height: 234px;\">\n<div class=\"mceTemp\"><\/div>\n<p><img decoding=\"async\" loading=\"lazy\" class=\"wp-image-2463 aligncenter\" src=\"http:\/\/www.aaesor721.fr\/wp-content\/uploads\/2025\/07\/IMG_1772-225x300.jpeg\" alt=\"\" width=\"104\" height=\"139\" srcset=\"http:\/\/www.aaesor721.fr\/wp-content\/uploads\/2025\/07\/IMG_1772-225x300.jpeg 225w, http:\/\/www.aaesor721.fr\/wp-content\/uploads\/2025\/07\/IMG_1772-768x1024.jpeg 768w, http:\/\/www.aaesor721.fr\/wp-content\/uploads\/2025\/07\/IMG_1772-1152x1536.jpeg 1152w, http:\/\/www.aaesor721.fr\/wp-content\/uploads\/2025\/07\/IMG_1772-1536x2048.jpeg 1536w, http:\/\/www.aaesor721.fr\/wp-content\/uploads\/2025\/07\/IMG_1772-scaled.jpeg 1920w\" sizes=\"(max-width: 104px) 100vw, 104px\" \/><\/p>\n<p>Jean Philippe Chevrier<\/td>\n<td style=\"width: 25%; text-align: center; height: 234px;\"><img decoding=\"async\" loading=\"lazy\" class=\"wp-image-2507 aligncenter\" src=\"http:\/\/www.aaesor721.fr\/wp-content\/uploads\/2025\/07\/Roger-BARON-230x300.jpg\" alt=\"\" width=\"109\" height=\"143\" srcset=\"http:\/\/www.aaesor721.fr\/wp-content\/uploads\/2025\/07\/Roger-BARON-230x300.jpg 230w, http:\/\/www.aaesor721.fr\/wp-content\/uploads\/2025\/07\/Roger-BARON-787x1024.jpg 787w, http:\/\/www.aaesor721.fr\/wp-content\/uploads\/2025\/07\/Roger-BARON-768x1000.jpg 768w, http:\/\/www.aaesor721.fr\/wp-content\/uploads\/2025\/07\/Roger-BARON-1180x1536.jpg 1180w, http:\/\/www.aaesor721.fr\/wp-content\/uploads\/2025\/07\/Roger-BARON.jpg 1313w\" sizes=\"(max-width: 109px) 100vw, 109px\" \/><\/p>\n<p>Roger Baron<\/td>\n<td style=\"width: 25%; text-align: center; height: 234px;\"><img decoding=\"async\" loading=\"lazy\" class=\"wp-image-2389 aligncenter\" src=\"http:\/\/www.aaesor721.fr\/wp-content\/uploads\/2024\/11\/P-Pennerat-223x300.jpg\" alt=\"\" width=\"112\" height=\"151\" srcset=\"http:\/\/www.aaesor721.fr\/wp-content\/uploads\/2024\/11\/P-Pennerat-223x300.jpg 223w, http:\/\/www.aaesor721.fr\/wp-content\/uploads\/2024\/11\/P-Pennerat-760x1024.jpg 760w, http:\/\/www.aaesor721.fr\/wp-content\/uploads\/2024\/11\/P-Pennerat-768x1035.jpg 768w, http:\/\/www.aaesor721.fr\/wp-content\/uploads\/2024\/11\/P-Pennerat-1140x1536.jpg 1140w, http:\/\/www.aaesor721.fr\/wp-content\/uploads\/2024\/11\/P-Pennerat.jpg 1393w\" sizes=\"(max-width: 112px) 100vw, 112px\" \/><\/p>\n<p>Philippe Pennerat<\/td>\n<\/tr>\n<tr style=\"height: 24px;\">\n<td style=\"background-color: grey; text-align: center; height: 24px;\"><span style=\"font-family: arial, helvetica, sans-serif; font-size: 12pt; color: #ffffff;\">Pr\u00e9sident National<\/span><\/td>\n<td style=\"background-color: grey; text-align: center; height: 24px;\"><span style=\"font-family: arial, helvetica, sans-serif; font-size: 12pt; color: #ffffff;\">Vice Pr\u00e9sident<\/span><\/td>\n<td style=\"background-color: grey; text-align: center; height: 24px;\"><span style=\"font-family: arial, helvetica, sans-serif; font-size: 12pt; color: #ffffff;\">Secr\u00e9taire<\/span><\/td>\n<td style=\"background-color: grey; text-align: center; height: 24px;\"><span style=\"color: #ffffff; font-family: arial, helvetica, sans-serif; font-size: 12pt;\">Secr\u00e9taire Adjoint<\/span><\/td>\n<\/tr>\n<tr style=\"height: 222px;\">\n<td style=\"text-align: center; height: 222px;\">&nbsp;<\/p>\n<p>&nbsp;<\/td>\n<td style=\"width: 25%; height: 222px;\">&nbsp;<\/p>\n<p><img decoding=\"async\" loading=\"lazy\" class=\"wp-image-2464 aligncenter\" src=\"http:\/\/www.aaesor721.fr\/wp-content\/uploads\/2025\/07\/IMG_20250716_143921-1-285x300.jpg\" alt=\"\" width=\"130\" height=\"137\" srcset=\"http:\/\/www.aaesor721.fr\/wp-content\/uploads\/2025\/07\/IMG_20250716_143921-1-285x300.jpg 285w, http:\/\/www.aaesor721.fr\/wp-content\/uploads\/2025\/07\/IMG_20250716_143921-1-971x1024.jpg 971w, http:\/\/www.aaesor721.fr\/wp-content\/uploads\/2025\/07\/IMG_20250716_143921-1-768x810.jpg 768w, http:\/\/www.aaesor721.fr\/wp-content\/uploads\/2025\/07\/IMG_20250716_143921-1-1457x1536.jpg 1457w, http:\/\/www.aaesor721.fr\/wp-content\/uploads\/2025\/07\/IMG_20250716_143921-1-1943x2048.jpg 1943w\" sizes=\"(max-width: 130px) 100vw, 130px\" \/><\/p>\n<p style=\"text-align: center;\">Jean pierre Gravier<\/p>\n<\/td>\n<td style=\"width: 25%; height: 222px;\">&nbsp;<\/p>\n<p style=\"text-align: center;\"><img decoding=\"async\" loading=\"lazy\" class=\"wp-image-1965 aligncenter\" style=\"font-family: inherit; font-size: inherit;\" src=\"http:\/\/www.aaesor721.fr\/wp-content\/uploads\/2023\/06\/20230622_135508-207x300.jpg\" alt=\"\" width=\"98\" height=\"142\" srcset=\"http:\/\/www.aaesor721.fr\/wp-content\/uploads\/2023\/06\/20230622_135508-207x300.jpg 207w, http:\/\/www.aaesor721.fr\/wp-content\/uploads\/2023\/06\/20230622_135508-708x1024.jpg 708w, http:\/\/www.aaesor721.fr\/wp-content\/uploads\/2023\/06\/20230622_135508-768x1111.jpg 768w, http:\/\/www.aaesor721.fr\/wp-content\/uploads\/2023\/06\/20230622_135508-1061x1536.jpg 1061w, http:\/\/www.aaesor721.fr\/wp-content\/uploads\/2023\/06\/20230622_135508-1415x2048.jpg 1415w, http:\/\/www.aaesor721.fr\/wp-content\/uploads\/2023\/06\/20230622_135508-scaled.jpg 1769w\" sizes=\"(max-width: 98px) 100vw, 98px\" \/><\/p>\n<p style=\"text-align: center;\">Fr\u00e9d\u00e9ric Chaulacel<\/p>\n<\/td>\n<td style=\"width: 25%; height: 222px;\">\n<p style=\"text-align: center;\">\n<\/td>\n<\/tr>\n<tr style=\"height: 24px;\">\n<td style=\"width: 25%; text-align: center; height: 24px;\"><\/td>\n<td style=\"width: 25%; background-color: grey; text-align: center; height: 24px;\"><span style=\"color: #ffffff; font-family: arial, helvetica, sans-serif; font-size: 12pt;\">Tr\u00e9sorier<\/span><\/td>\n<td style=\"width: 25%; background-color: grey; text-align: center; height: 24px;\"><span style=\"color: #ffffff; font-family: arial, helvetica, sans-serif; font-size: 12pt;\">Tr\u00e9sorier Adjoint<br \/>\n<\/span><\/td>\n<td style=\"width: 25%; text-align: center; height: 24px;\"><\/td>\n<\/tr>\n<\/tbody>\n<\/table>\n","protected":false},"excerpt":{"rendered":"<p>\u200b Jean Pierre Tron Jean Philippe Chevrier Roger Baron Philippe Pennerat Pr\u00e9sident National Vice Pr\u00e9sident Secr\u00e9taire Secr\u00e9taire Adjoint &nbsp; &nbsp; &nbsp; Jean pierre Gravier &nbsp; Fr\u00e9d\u00e9ric Chaulacel Tr\u00e9sorier Tr\u00e9sorier Adjoint<\/p>\n","protected":false},"author":4,"featured_media":0,"parent":0,"menu_order":0,"comment_status":"closed","ping_status":"closed","template":"","meta":[],"_links":{"self":[{"href":"http:\/\/www.aaesor721.fr\/index.php\/wp-json\/wp\/v2\/pages\/141"}],"collection":[{"href":"http:\/\/www.aaesor721.fr\/index.php\/wp-json\/wp\/v2\/pages"}],"about":[{"href":"http:\/\/www.aaesor721.fr\/index.php\/wp-json\/wp\/v2\/types\/page"}],"author":[{"embeddable":true,"href":"http:\/\/www.aaesor721.fr\/index.php\/wp-json\/wp\/v2\/users\/4"}],"replies":[{"embeddable":true,"href":"http:\/\/www.aaesor721.fr\/index.php\/wp-json\/wp\/v2\/comments?post=141"}],"version-history":[{"count":54,"href":"http:\/\/www.aaesor721.fr\/index.php\/wp-json\/wp\/v2\/pages\/141\/revisions"}],"predecessor-version":[{"id":2600,"href":"http:\/\/www.aaesor721.fr\/index.php\/wp-json\/wp\/v2\/pages\/141\/revisions\/2600"}],"wp:attachment":[{"href":"http:\/\/www.aaesor721.fr\/index.php\/wp-json\/wp\/v2\/media?parent=141"}],"curies":[{"name":"wp","href":"https:\/\/api.w.org\/{rel}","templated":true}]}}