{"id":138,"date":"2018-12-13T10:03:15","date_gmt":"2018-12-13T09:03:15","guid":{"rendered":"http:\/\/localhost\/aaesor721_wp\/?page_id=138"},"modified":"2019-11-27T20:39:55","modified_gmt":"2019-11-27T19:39:55","slug":"objectifs","status":"publish","type":"page","link":"http:\/\/www.aaesor721.fr\/index.php\/objectifs\/","title":{"rendered":"Objectifs"},"content":{"rendered":"<div style=\"text-align:justify\">\n<p>Rassembler et perp\u00e9tuer le souvenir des anciens de l\u2019\u00c9cole des sous-officiers de l\u2019Arm\u00e9e de l\u2019air de Rochefort.<\/p>\n<p>R\u00e9unir anciens et nouveaux lors de manifestations amicales et apporter son concours \u00e0 des manifestations patriotiques (devoir de m\u00e9moire)<\/p>\n<p>Maintenir la motivation de ses jeunes adh\u00e9rents \u00e0 poursuivre une carri\u00e8re longue dans l\u2019Arm\u00e9e de l\u2019air.<\/p>\n<p>Chercher \u00e0 favoriser le recrutement dans l\u2019Arm\u00e9e de l\u2019air en activant des stands lors de manifestations a\u00e9ronautiques diverses, \u00eatre un relais d\u2019information pour les jeunes d\u00e9sirant int\u00e9grer l\u2019Arm\u00e9e de l\u2019air.<\/p>\n<p>Servir de lien entre les jeunes adh\u00e9rents et l\u2019\u00c9cole\u00a0; ils pourront ainsi gr\u00e2ce \u00e0 nos d\u00e9l\u00e9gu\u00e9s r\u00e9gionaux obtenir des informations sur son fonctionnement et son \u00e9volution<\/p>\n<p>Contribuer au d\u00e9veloppement des relations Arm\u00e9e &#8211; Nation. Pour ce faire, l\u2019AAESOR est membre du Comit\u00e9 de la Flamme sous l\u2019Arc de triomphe et invite r\u00e9guli\u00e8rement la base de Rochefort au ravivage de la Flamme sur la tombe du Soldat inconnu.<\/p>\n<\/div>\n","protected":false},"excerpt":{"rendered":"<p>Rassembler et perp\u00e9tuer le souvenir des anciens de l\u2019\u00c9cole des sous-officiers de l\u2019Arm\u00e9e de l\u2019air de Rochefort. R\u00e9unir anciens et nouveaux lors de manifestations amicales et apporter son concours \u00e0 des manifestations patriotiques (devoir de m\u00e9moire) Maintenir la motivation de ses jeunes adh\u00e9rents \u00e0 poursuivre une carri\u00e8re longue dans l\u2019Arm\u00e9e de l\u2019air. Chercher \u00e0 favoriser [&hellip;]<\/p>\n","protected":false},"author":4,"featured_media":0,"parent":0,"menu_order":0,"comment_status":"closed","ping_status":"closed","template":"","meta":[],"_links":{"self":[{"href":"http:\/\/www.aaesor721.fr\/index.php\/wp-json\/wp\/v2\/pages\/138"}],"collection":[{"href":"http:\/\/www.aaesor721.fr\/index.php\/wp-json\/wp\/v2\/pages"}],"about":[{"href":"http:\/\/www.aaesor721.fr\/index.php\/wp-json\/wp\/v2\/types\/page"}],"author":[{"embeddable":true,"href":"http:\/\/www.aaesor721.fr\/index.php\/wp-json\/wp\/v2\/users\/4"}],"replies":[{"embeddable":true,"href":"http:\/\/www.aaesor721.fr\/index.php\/wp-json\/wp\/v2\/comments?post=138"}],"version-history":[{"count":7,"href":"http:\/\/www.aaesor721.fr\/index.php\/wp-json\/wp\/v2\/pages\/138\/revisions"}],"predecessor-version":[{"id":448,"href":"http:\/\/www.aaesor721.fr\/index.php\/wp-json\/wp\/v2\/pages\/138\/revisions\/448"}],"wp:attachment":[{"href":"http:\/\/www.aaesor721.fr\/index.php\/wp-json\/wp\/v2\/media?parent=138"}],"curies":[{"name":"wp","href":"https:\/\/api.w.org\/{rel}","templated":true}]}}