{"id":1296,"date":"2020-10-04T20:53:42","date_gmt":"2020-10-04T18:53:42","guid":{"rendered":"http:\/\/www.aaesor721.fr\/?page_id=1296"},"modified":"2020-10-29T20:18:38","modified_gmt":"2020-10-29T19:18:38","slug":"sommaire-mille-patte-n-35-septembre-2020","status":"publish","type":"page","link":"http:\/\/www.aaesor721.fr\/index.php\/sommaire-mille-patte-n-35-septembre-2020\/","title":{"rendered":"Sommaire Mille Pattes n\u00b0 35 \/ Septembre 2020"},"content":{"rendered":"<p style=\"text-align: left;\"><a href=\"http:\/\/www.aaesor721.fr\/wp-content\/uploads\/2020\/10\/2.-Le-mot-du-President_mp35.pdf\" target=\"_blank\" rel=\"noopener noreferrer\"><span style=\"background-color: yellow; font-family: arial, helvetica, sans-serif; font-size: 10pt; color: #000000;\">Le mot du Pr\u00e9sident<\/span><\/a><br \/>\n<span style=\"font-family: arial, helvetica, sans-serif; font-size: 10pt; color: #000000;\">ASSEMBL\u00c9ES, CONSEILS, R\u00c9UNIONS<\/span><br \/>\n<span style=\"font-family: arial, helvetica, sans-serif; font-size: 10pt; color: #000000;\">AG 2019: une visite au Fil d&rsquo;Or<\/span><br \/>\n<span style=\"font-family: arial, helvetica, sans-serif; font-size: 10pt; color: #000000;\">ACTIVIT\u00c9S DANS LES R\u00c9GIONS<\/span><br \/>\n<span style=\"font-family: arial, helvetica, sans-serif; font-size: 10pt; color: #000000;\">Bourgogne-Franche-Comt\u00e9<\/span><br \/>\n<span style=\"font-family: arial, helvetica, sans-serif; font-size: 10pt; color: #000000;\">&#8211; Inauguration nouveau monument aux morts de Luxeuil<\/span><br \/>\n<span style=\"font-family: arial, helvetica, sans-serif; font-size: 10pt; color: #000000;\">Centre Val-de-Loire<\/span><br \/>\n<span style=\"font-family: arial, helvetica, sans-serif; font-size: 10pt; color: #000000;\">&#8211; Remise de brevets de pilotes \u00e0 Avord<\/span><br \/>\n<span style=\"font-family: arial, helvetica, sans-serif; font-size: 10pt; color: #000000;\">&#8211; Les v\u0153ux du Pr\u00e9sident de la R\u00e9publique aux Arm\u00e9es<\/span><br \/>\n<span style=\"font-family: arial, helvetica, sans-serif; font-size: 10pt; color: #000000;\">Grand Est<\/span><br \/>\n<span style=\"font-family: arial, helvetica, sans-serif; font-size: 10pt; color: #000000;\">&#8211; Comm\u00e9moration du 55e anniversaire des FAS<\/span><br \/>\n<span style=\"font-family: arial, helvetica, sans-serif; font-size: 10pt; color: #000000;\">Normandie<\/span><br \/>\n<span style=\"font-family: arial, helvetica, sans-serif; font-size: 10pt; color: #000000;\">&#8211; C\u00e9r\u00e9monie Normandie-Niemen \u00e0 Rouen<\/span><br \/>\n<span style=\"font-family: arial, helvetica, sans-serif; font-size: 10pt; color: #000000;\">Nouvelle Aquitaine<\/span><br \/>\n<span style=\"font-family: arial, helvetica, sans-serif; font-size: 10pt; color: #000000;\">&#8211; Bapt\u00eame de la P152 \u00e0 Saintes<\/span><br \/>\n<span style=\"font-family: arial, helvetica, sans-serif; font-size: 10pt; color: #000000;\">&#8211; Visite \u00e0 Monsieur Berthom\u00e9<\/span><br \/>\n<span style=\"font-family: arial, helvetica, sans-serif; font-size: 10pt; color: #000000;\">Paris &#8211; \u00cele de France<\/span><br \/>\n<span style=\"font-family: arial, helvetica, sans-serif; font-size: 10pt; color: #000000;\">&#8211; Rencontre avec le Colonel Li\u00e9det<\/span><br \/>\n<span style=\"font-family: arial, helvetica, sans-serif; font-size: 10pt; color: #000000;\">&#8211; Journ\u00e9e d&rsquo;hommage aux Harkis<\/span><br \/>\n<span style=\"font-family: arial, helvetica, sans-serif; font-size: 10pt; color: #000000;\">&#8211; Les 100 ans du MAE, le 9e Carrefour de l&rsquo;Air<\/span><br \/>\n<span style=\"font-family: arial, helvetica, sans-serif; font-size: 10pt; color: #000000;\">&#8211; Inauguration du monument aux morts en OPEX<\/span><br \/>\n<span style=\"font-family: arial, helvetica, sans-serif; font-size: 10pt; color: #000000;\">&#8211; Quatri\u00e8me soir\u00e9e \u00ab\u00a0premi\u00e8re alerte\u00a0\u00bb des FAS<\/span><br \/>\n<span style=\"font-family: arial, helvetica, sans-serif; font-size: 10pt; color: #000000;\">&#8211; Comm\u00e9moration de la mort du G\u00e9n\u00e9ral Leclerc<\/span><br \/>\n<a href=\"http:\/\/www.aaesor721.fr\/wp-content\/uploads\/2020\/10\/19.-Hommage-au-treize-soldats-tombes-au-MALI-min.pdf\" target=\"_blank\" rel=\"noopener noreferrer\"><span style=\"background-color: yellow; font-family: arial, helvetica, sans-serif; font-size: 10pt; color: #000000;\">&#8211; Hommage aux 13 soldats morts au Mali<\/span><\/a><br \/>\n<span style=\"font-family: arial, helvetica, sans-serif; font-size: 10pt; color: #000000;\">&#8211; C\u00e9r\u00e9monie, disparition de Jean Mermoz<\/span><br \/>\n<span style=\"font-family: arial, helvetica, sans-serif; font-size: 10pt; color: #000000;\">&#8211; Inauguration de la grande galerie du Mus\u00e9e de l&rsquo;air<\/span><br \/>\n<span style=\"font-family: arial, helvetica, sans-serif; font-size: 10pt; color: #000000;\">&#8211; Les v\u0153ux 2020 du CSINI<\/span><br \/>\n<span style=\"font-family: arial, helvetica, sans-serif; font-size: 10pt; color: #000000;\">&#8211; Les v\u0153ux de Mme Darrieussecq, secr\u00e9taire d&rsquo;\u00e9tat<\/span><br \/>\n<span style=\"font-family: arial, helvetica, sans-serif; font-size: 10pt; color: #000000;\">&#8211; Les v\u0153ux du CEMA<\/span><br \/>\n<span style=\"font-family: arial, helvetica, sans-serif; font-size: 10pt; color: #000000;\">&#8211; Les v\u0153ux du Pr\u00e9sident du Comit\u00e9 de la Flamme<\/span><br \/>\n<span style=\"font-family: arial, helvetica, sans-serif; font-size: 10pt; color: #000000;\">&#8211; Projet d&rsquo;un monument Soldis<\/span><br \/>\n<span style=\"font-family: arial, helvetica, sans-serif; font-size: 10pt; color: #000000;\">&#8211; R\u00e9ouverture au public du Mur des noms de Royallieu<\/span><br \/>\n<span style=\"font-family: arial, helvetica, sans-serif; font-size: 10pt; color: #000000;\">HISTOIRE-TECHNIQUE<\/span><br \/>\n<span style=\"font-family: arial, helvetica, sans-serif; font-size: 10pt; color: #000000;\">&#8211; Les h\u00e9licopt\u00e8res dans l&rsquo;AA (2e partie)<\/span><br \/>\n<span style=\"font-family: arial, helvetica, sans-serif; font-size: 10pt; color: #000000;\">&#8211; Des jeunes, des ailes et un coq au vin<\/span><br \/>\n<span style=\"font-family: arial, helvetica, sans-serif; font-size: 10pt; color: #000000;\">&#8211; Les gonfleurs d&rsquo;h\u00e9lices<\/span><br \/>\n<span style=\"font-family: arial, helvetica, sans-serif; font-size: 10pt; color: #000000;\">&#8211; Le Pipi-room du Mirage IV<\/span><br \/>\n<span style=\"font-family: arial, helvetica, sans-serif; font-size: 10pt; color: #000000;\">&#8211; \u00c9vocation des Groupes Lourds<\/span><br \/>\n<span style=\"font-family: arial, helvetica, sans-serif; font-size: 10pt; color: #000000;\">DIVERS<\/span><br \/>\n<span style=\"font-family: arial, helvetica, sans-serif; font-size: 10pt; color: #000000;\">Nos disparus<\/span><br \/>\n<span style=\"font-family: arial, helvetica, sans-serif; font-size: 10pt; color: #000000;\">Nouveaux adh\u00e9rents<\/span><br \/>\n<span style=\"font-family: arial, helvetica, sans-serif; font-size: 10pt; color: #000000;\">Avis de recherche<\/span><br \/>\n<span style=\"font-family: arial, helvetica, sans-serif; font-size: 10pt; color: #000000;\">Informations aux adh\u00e9rents<\/span><br \/>\n<span style=\"font-family: arial, helvetica, sans-serif; font-size: 10pt; color: #000000;\">Cotisations-Coordonn\u00e9es du tr\u00e9sorier<\/span><br \/>\n<span style=\"color: #000000; font-size: 10pt; font-family: arial, helvetica, sans-serif;\">La boutique<\/span><\/p>\n","protected":false},"excerpt":{"rendered":"<p>Le mot du Pr\u00e9sident ASSEMBL\u00c9ES, CONSEILS, R\u00c9UNIONS AG 2019: une visite au Fil d&rsquo;Or ACTIVIT\u00c9S DANS LES R\u00c9GIONS Bourgogne-Franche-Comt\u00e9 &#8211; Inauguration nouveau monument aux morts de Luxeuil Centre Val-de-Loire &#8211; Remise de brevets de pilotes \u00e0 Avord &#8211; Les v\u0153ux du Pr\u00e9sident de la R\u00e9publique aux Arm\u00e9es Grand Est &#8211; Comm\u00e9moration du 55e anniversaire des [&hellip;]<\/p>\n","protected":false},"author":4,"featured_media":0,"parent":0,"menu_order":0,"comment_status":"closed","ping_status":"closed","template":"","meta":[],"_links":{"self":[{"href":"http:\/\/www.aaesor721.fr\/index.php\/wp-json\/wp\/v2\/pages\/1296"}],"collection":[{"href":"http:\/\/www.aaesor721.fr\/index.php\/wp-json\/wp\/v2\/pages"}],"about":[{"href":"http:\/\/www.aaesor721.fr\/index.php\/wp-json\/wp\/v2\/types\/page"}],"author":[{"embeddable":true,"href":"http:\/\/www.aaesor721.fr\/index.php\/wp-json\/wp\/v2\/users\/4"}],"replies":[{"embeddable":true,"href":"http:\/\/www.aaesor721.fr\/index.php\/wp-json\/wp\/v2\/comments?post=1296"}],"version-history":[{"count":9,"href":"http:\/\/www.aaesor721.fr\/index.php\/wp-json\/wp\/v2\/pages\/1296\/revisions"}],"predecessor-version":[{"id":1390,"href":"http:\/\/www.aaesor721.fr\/index.php\/wp-json\/wp\/v2\/pages\/1296\/revisions\/1390"}],"wp:attachment":[{"href":"http:\/\/www.aaesor721.fr\/index.php\/wp-json\/wp\/v2\/media?parent=1296"}],"curies":[{"name":"wp","href":"https:\/\/api.w.org\/{rel}","templated":true}]}}